{"id":61,"date":"2012-04-04T07:17:24","date_gmt":"2012-04-04T04:17:24","guid":{"rendered":"http:\/\/stmichel.re\/wp_stm\/?page_id=61"},"modified":"2017-04-21T16:38:15","modified_gmt":"2017-04-21T12:38:15","slug":"contacts","status":"publish","type":"page","link":"https:\/\/stmichel.re\/?page_id=61","title":{"rendered":"Contacts"},"content":{"rendered":"<p>28 rue Monseigneur de Beaumont<img loading=\"lazy\" decoding=\"async\" class=\"alignright size-full wp-image-953\" title=\"banniere\" src=\"http:\/\/stmichel.re\/wp_stm\/wp-content\/uploads\/2012\/04\/banniere.gif\" alt=\"\" width=\"249\" height=\"160\"><br \/>\nBP 854 \u2013 97477 SAINT-DENIS<br \/>\nt\u00e9l. : 02 62 90 92 92<br \/>\nt\u00e9l\u00e9copie : 02 62 90 92 90<br \/>\nt\u00e9l\u00e9copie gestion : 02 62 90 92 78<\/p>\n<p>Webmaster : <a href=\"mailto:cecchet@stmichel.re\">cecchet@stmichel.re<\/a><\/p>\n<p>Secr\u00e9tariat :&nbsp;<a href=\"mailto:college@stmichel.re\">college@stmichel.re<\/a><\/p>\n<p>Gestion :&nbsp;<a href=\"mailto:gestion@stmichel.re\">gestion@stmichel.re<\/a><\/p>\n<p>Restauration :&nbsp;<a href=\"mailto:alain.greveldinger974@orange.fr\">alain.greveldinger974@orange.fr<\/a>&nbsp;ou<\/p>\n<p><a href=\"mailto:alain.greveldinger@soprestiles.com\">alain.greveldinger@soprestiles.com<\/a><\/p>\n<p>Responsable des niveaux 6-5 :&nbsp;<a href=\"mailto:responsablepedagogique65@stmichel.re\">responsablepedagogique65@stmichel.re<\/a><\/p>\n<p>Responsable des niveaux 4-3 :&nbsp;<a href=\"mailto:responsablepedagogique43@stmichel.re\">responsablepedagogique43@stmichel.re<\/a><\/p>\n<p>Cadre \u00e9ducatif des niveaux 6-5 :&nbsp;<a href=\"mailto:cadreeducatif65@stmichel.re\">cadreeducatif65@stmichel.re<\/a><\/p>\n<p>Cadre \u00e9ducatif des niveaux 4-3 :&nbsp;<a href=\"mailto:cadreeducatif43@stmichel.re\">cadreeducatif43@stmichel.re<\/a><\/p>\n","protected":false},"excerpt":{"rendered":"<p>28 rue Monseigneur de Beaumont BP 854 \u2013 97477 SAINT-DENIS t\u00e9l. : 02 62 90 92 92 t\u00e9l\u00e9copie : 02 62 90 92 90 t\u00e9l\u00e9copie gestion : 02 62 90 92 78 Webmaster : cecchet@stmichel.re Secr\u00e9tariat :&nbsp;college@stmichel.re Gestion :&nbsp;gestion@stmichel.re Restauration :&nbsp;alain.greveldinger974@orange.fr&nbsp;ou alain.greveldinger@soprestiles.com Responsable des niveaux 6-5 :&nbsp;responsablepedagogique65@stmichel.re Responsable des niveaux 4-3 :&nbsp;responsablepedagogique43@stmichel.re Cadre \u00e9ducatif des &hellip; <\/p>\n<p class=\"link-more\"><a href=\"https:\/\/stmichel.re\/?page_id=61\" class=\"more-link\">Continuer la lecture<span class=\"screen-reader-text\"> de &laquo;&nbsp;Contacts&nbsp;&raquo;<\/span><\/a><\/p>\n","protected":false},"author":197,"featured_media":2335,"parent":8,"menu_order":60,"comment_status":"closed","ping_status":"closed","template":"","meta":{"ngg_post_thumbnail":0,"footnotes":"","_links_to":"","_links_to_target":""},"class_list":["post-61","page","type-page","status-publish","has-post-thumbnail","hentry"],"_links":{"self":[{"href":"https:\/\/stmichel.re\/index.php?rest_route=\/wp\/v2\/pages\/61","targetHints":{"allow":["GET"]}}],"collection":[{"href":"https:\/\/stmichel.re\/index.php?rest_route=\/wp\/v2\/pages"}],"about":[{"href":"https:\/\/stmichel.re\/index.php?rest_route=\/wp\/v2\/types\/page"}],"author":[{"embeddable":true,"href":"https:\/\/stmichel.re\/index.php?rest_route=\/wp\/v2\/users\/197"}],"replies":[{"embeddable":true,"href":"https:\/\/stmichel.re\/index.php?rest_route=%2Fwp%2Fv2%2Fcomments&post=61"}],"version-history":[{"count":0,"href":"https:\/\/stmichel.re\/index.php?rest_route=\/wp\/v2\/pages\/61\/revisions"}],"up":[{"embeddable":true,"href":"https:\/\/stmichel.re\/index.php?rest_route=\/wp\/v2\/pages\/8"}],"wp:featuredmedia":[{"embeddable":true,"href":"https:\/\/stmichel.re\/index.php?rest_route=\/wp\/v2\/media\/2335"}],"wp:attachment":[{"href":"https:\/\/stmichel.re\/index.php?rest_route=%2Fwp%2Fv2%2Fmedia&parent=61"}],"curies":[{"name":"wp","href":"https:\/\/api.w.org\/{rel}","templated":true}]}}