{"id":6,"date":"2012-04-03T21:46:54","date_gmt":"2012-04-03T17:46:54","guid":{"rendered":"http:\/\/stmichel.re\/wp_stm\/?page_id=6"},"modified":"2017-03-23T16:16:36","modified_gmt":"2017-03-23T12:16:36","slug":"espace-parents","status":"publish","type":"page","link":"https:\/\/stmichel.re\/?page_id=6","title":{"rendered":"Espace parents"},"content":{"rendered":"<p>Vous trouverez dans cet espace des informations plut\u00f4t destin\u00e9es aux parents, notamment les documents officiels en t\u00e9l\u00e9chargement.<\/p>\n","protected":false},"excerpt":{"rendered":"<p>Vous trouverez dans cet espace des informations plut\u00f4t destin\u00e9es aux parents, notamment les documents officiels en t\u00e9l\u00e9chargement.<\/p>\n","protected":false},"author":197,"featured_media":2351,"parent":0,"menu_order":20,"comment_status":"closed","ping_status":"closed","template":"","meta":{"ngg_post_thumbnail":0,"footnotes":"","_links_to":"","_links_to_target":""},"class_list":["post-6","page","type-page","status-publish","has-post-thumbnail","hentry"],"_links":{"self":[{"href":"https:\/\/stmichel.re\/index.php?rest_route=\/wp\/v2\/pages\/6","targetHints":{"allow":["GET"]}}],"collection":[{"href":"https:\/\/stmichel.re\/index.php?rest_route=\/wp\/v2\/pages"}],"about":[{"href":"https:\/\/stmichel.re\/index.php?rest_route=\/wp\/v2\/types\/page"}],"author":[{"embeddable":true,"href":"https:\/\/stmichel.re\/index.php?rest_route=\/wp\/v2\/users\/197"}],"replies":[{"embeddable":true,"href":"https:\/\/stmichel.re\/index.php?rest_route=%2Fwp%2Fv2%2Fcomments&post=6"}],"version-history":[{"count":0,"href":"https:\/\/stmichel.re\/index.php?rest_route=\/wp\/v2\/pages\/6\/revisions"}],"wp:featuredmedia":[{"embeddable":true,"href":"https:\/\/stmichel.re\/index.php?rest_route=\/wp\/v2\/media\/2351"}],"wp:attachment":[{"href":"https:\/\/stmichel.re\/index.php?rest_route=%2Fwp%2Fv2%2Fmedia&parent=6"}],"curies":[{"name":"wp","href":"https:\/\/api.w.org\/{rel}","templated":true}]}}