{"id":55,"date":"2012-04-04T07:15:24","date_gmt":"2012-04-04T03:15:24","guid":{"rendered":"http:\/\/stmichel.re\/wp_stm\/?page_id=55"},"modified":"2021-10-11T16:59:37","modified_gmt":"2021-10-11T12:59:37","slug":"telechargements","status":"publish","type":"page","link":"https:\/\/stmichel.re\/?page_id=55","title":{"rendered":"Documents \u00e0 t\u00e9l\u00e9charger"},"content":{"rendered":"<p>Vous trouverez ici tous les documents officiels en t\u00e9l\u00e9chargement.<\/p>\n<ul>\n<li><span style=\"color: #ff0000;\"><a style=\"color: #ff0000;\" href=\"http:\/\/stmichel.re\/?page_id=11626\">Documents concernant une demande d&rsquo;inscription<\/a><\/span><\/li>\n<li><a href=\"http:\/\/stmichel.re\/wp_stm\/wp-content\/uploads\/2018\/02\/Sante-au-college-2018.pdf\">Sant\u00e9 au coll\u00e8ge<\/a><\/li>\n<li><a href=\"http:\/\/stmichel.re\/wp_stm\/wp-content\/uploads\/2012\/04\/TABLEAU-GARANTIE-IA-effet-01092012.pdf\">L&rsquo;assurance scolaire propos\u00e9e par le coll\u00e8ge<\/a><\/li>\n<li><a href=\"http:\/\/stmichel.re\/wp_stm\/wp-content\/uploads\/2012\/04\/Charte-du-parent-correspondant.pdf\">La charte du parent correspondant<\/a><\/li>\n<li><a href=\"http:\/\/stmichel.re\/wp_stm\/wp-content\/uploads\/2012\/04\/Questionnaire-parents-correspondants-2012.pdf\">Questionnaire de pr\u00e9paration au conseil de classe<\/a><\/li>\n<li><a title=\"Stage en entreprise\" href=\"http:\/\/stmichel.re\/wp_stm\/?page_id=53\">Le stage en entreprise des troisi\u00e8mes<\/a><\/li>\n<\/ul>\n\n\n\n\n<div class=\"wp-block-group\"><div class=\"wp-block-group__inner-container is-layout-flow wp-block-group-is-layout-flow\">\n<div class=\"wp-block-file\"><a href=\"http:\/\/stmichel.re\/wp_stm\/wp-content\/uploads\/2021\/10\/Reglement-financier-2021-22.pdf\">R\u00e8glement financier 2021\/22<\/a><a href=\"http:\/\/stmichel.re\/wp_stm\/wp-content\/uploads\/2021\/10\/Reglement-financier-2021-22.pdf\" class=\"wp-block-file__button\" download>T\u00e9l\u00e9charger<\/a><\/div>\n<\/div><\/div>\n\n\n\n<div class=\"wp-block-file\"><a href=\"http:\/\/stmichel.re\/wp_stm\/wp-content\/uploads\/2021\/08\/Reglement-int-2021-22.pdf\">R\u00e8glement int\u00e9rieur 2021\/22<\/a><a href=\"http:\/\/stmichel.re\/wp_stm\/wp-content\/uploads\/2021\/08\/Reglement-int-2021-22.pdf\" class=\"wp-block-file__button\" download>T\u00e9l\u00e9charger<\/a><\/div>\n\n\n","protected":false},"excerpt":{"rendered":"<p>Vous trouverez ici tous les documents officiels en t\u00e9l\u00e9chargement. Documents concernant une demande d&rsquo;inscription Sant\u00e9 au coll\u00e8ge L&rsquo;assurance scolaire propos\u00e9e par le coll\u00e8ge La charte du parent correspondant Questionnaire de pr\u00e9paration au conseil de classe Le stage en entreprise des troisi\u00e8mes<\/p>\n","protected":false},"author":197,"featured_media":2364,"parent":6,"menu_order":60,"comment_status":"closed","ping_status":"closed","template":"","meta":{"ngg_post_thumbnail":0,"footnotes":"","_links_to":"","_links_to_target":""},"class_list":["post-55","page","type-page","status-publish","has-post-thumbnail","hentry"],"_links":{"self":[{"href":"https:\/\/stmichel.re\/index.php?rest_route=\/wp\/v2\/pages\/55","targetHints":{"allow":["GET"]}}],"collection":[{"href":"https:\/\/stmichel.re\/index.php?rest_route=\/wp\/v2\/pages"}],"about":[{"href":"https:\/\/stmichel.re\/index.php?rest_route=\/wp\/v2\/types\/page"}],"author":[{"embeddable":true,"href":"https:\/\/stmichel.re\/index.php?rest_route=\/wp\/v2\/users\/197"}],"replies":[{"embeddable":true,"href":"https:\/\/stmichel.re\/index.php?rest_route=%2Fwp%2Fv2%2Fcomments&post=55"}],"version-history":[{"count":3,"href":"https:\/\/stmichel.re\/index.php?rest_route=\/wp\/v2\/pages\/55\/revisions"}],"predecessor-version":[{"id":15084,"href":"https:\/\/stmichel.re\/index.php?rest_route=\/wp\/v2\/pages\/55\/revisions\/15084"}],"up":[{"embeddable":true,"href":"https:\/\/stmichel.re\/index.php?rest_route=\/wp\/v2\/pages\/6"}],"wp:featuredmedia":[{"embeddable":true,"href":"https:\/\/stmichel.re\/index.php?rest_route=\/wp\/v2\/media\/2364"}],"wp:attachment":[{"href":"https:\/\/stmichel.re\/index.php?rest_route=%2Fwp%2Fv2%2Fmedia&parent=55"}],"curies":[{"name":"wp","href":"https:\/\/api.w.org\/{rel}","templated":true}]}}