{"id":53,"date":"2012-04-04T07:15:08","date_gmt":"2012-04-04T04:15:08","guid":{"rendered":"http:\/\/stmichel.re\/wp_stm\/?page_id=53"},"modified":"2020-09-03T18:08:38","modified_gmt":"2020-09-03T14:08:38","slug":"stage-en-entreprise","status":"publish","type":"page","link":"https:\/\/stmichel.re\/?page_id=53","title":{"rendered":"Stage en entreprise"},"content":{"rendered":"<p>Vous trouverez ici tous les documents relatifs au stage en entreprise des \u00e9l\u00e8ves de troisi\u00e8me&#8230;<\/p>\n<p>&nbsp;<\/p>\n\n\n<div class=\"wp-block-file\"><a href=\"http:\/\/stmichel.re\/wp_stm\/wp-content\/uploads\/2020\/09\/Convention-stage-2020-21-3eme-generale.pdf\">Convention de stage 2020\/21 3\u00e8me g\u00e9n\u00e9rale<\/a><a href=\"http:\/\/stmichel.re\/wp_stm\/wp-content\/uploads\/2020\/09\/Convention-stage-2020-21-3eme-generale.pdf\" class=\"wp-block-file__button\" download>T\u00e9l\u00e9charger<\/a><\/div>\n\n\n\n<div class=\"wp-block-file\"><a href=\"http:\/\/stmichel.re\/wp_stm\/wp-content\/uploads\/2020\/02\/Aide-redaction-2020.pdf\">Aide \u00e0 la r\u00e9daction 2020<\/a><a href=\"http:\/\/stmichel.re\/wp_stm\/wp-content\/uploads\/2020\/02\/Aide-redaction-2020.pdf\" class=\"wp-block-file__button\" download>T\u00e9l\u00e9charger<\/a><\/div>\n","protected":false},"excerpt":{"rendered":"<p>Vous trouverez ici tous les documents relatifs au stage en entreprise des \u00e9l\u00e8ves de troisi\u00e8me&#8230; &nbsp;<\/p>\n","protected":false},"author":197,"featured_media":2344,"parent":4,"menu_order":50,"comment_status":"closed","ping_status":"closed","template":"","meta":{"ngg_post_thumbnail":0,"footnotes":"","_links_to":"","_links_to_target":""},"class_list":["post-53","page","type-page","status-publish","has-post-thumbnail","hentry"],"_links":{"self":[{"href":"https:\/\/stmichel.re\/index.php?rest_route=\/wp\/v2\/pages\/53","targetHints":{"allow":["GET"]}}],"collection":[{"href":"https:\/\/stmichel.re\/index.php?rest_route=\/wp\/v2\/pages"}],"about":[{"href":"https:\/\/stmichel.re\/index.php?rest_route=\/wp\/v2\/types\/page"}],"author":[{"embeddable":true,"href":"https:\/\/stmichel.re\/index.php?rest_route=\/wp\/v2\/users\/197"}],"replies":[{"embeddable":true,"href":"https:\/\/stmichel.re\/index.php?rest_route=%2Fwp%2Fv2%2Fcomments&post=53"}],"version-history":[{"count":0,"href":"https:\/\/stmichel.re\/index.php?rest_route=\/wp\/v2\/pages\/53\/revisions"}],"up":[{"embeddable":true,"href":"https:\/\/stmichel.re\/index.php?rest_route=\/wp\/v2\/pages\/4"}],"wp:featuredmedia":[{"embeddable":true,"href":"https:\/\/stmichel.re\/index.php?rest_route=\/wp\/v2\/media\/2344"}],"wp:attachment":[{"href":"https:\/\/stmichel.re\/index.php?rest_route=%2Fwp%2Fv2%2Fmedia&parent=53"}],"curies":[{"name":"wp","href":"https:\/\/api.w.org\/{rel}","templated":true}]}}