{"id":454,"date":"2012-04-09T12:28:56","date_gmt":"2012-04-09T08:28:56","guid":{"rendered":"http:\/\/stmichel.re\/wp_stm\/?page_id=454"},"modified":"2017-07-03T21:44:38","modified_gmt":"2017-07-03T17:44:38","slug":"la-pastorale","status":"publish","type":"page","link":"https:\/\/stmichel.re\/?page_id=454","title":{"rendered":"L&rsquo;animation Pastorale"},"content":{"rendered":"<p>Vous pouvez t\u00e9l\u00e9charger le document pr\u00e9sentant l&rsquo;animation Pastorale au coll\u00e8ge en cliquant sur le lien ci-dessous.<\/p>\n<p><span style=\"color: #008000;\"><a href=\"http:\/\/stmichel.re\/wp_stm\/wp-content\/uploads\/2012\/04\/Pasto2017.pdf\">L&rsquo;animation Pastorale<\/a>&nbsp;<\/span><\/p>\n<p>Vous y retrouverez les points suivants :<\/p>\n<p><strong>1-Une animation cadr\u00e9e par un Plan d\u2019Animation Pastorale<\/strong><\/p>\n<p><strong>2-Une heure un peu particuli\u00e8re dans la semaine\u2026 <\/strong><\/p>\n<ul>\n<li>En 6<sup>\u00e8me<\/sup>, de la culture religieuse<\/li>\n<li>En 5<sup>\u00e8me<\/sup>, de la culture chr\u00e9tienne puis de la cat\u00e9ch\u00e8se<\/li>\n<li>En quatri\u00e8me, de la cat\u00e9ch\u00e8se ou de la culture religieuse<\/li>\n<\/ul>\n<p><strong>3-L\u2019accompagnement des chr\u00e9tiens dans leur vie de foi<\/strong><\/p>\n<ul>\n<li>Des temps de pri\u00e8re tout au long de l\u2019ann\u00e9e<\/li>\n<li>La Premi\u00e8re Communion<\/li>\n<li>La Profession de foi<\/li>\n<li>La Confirmation<\/li>\n<li>\u2026 avec le soutien de la chorale<\/li>\n<\/ul>\n<p><strong>4-Les Jeunes Lasalliens&nbsp;: en action au service des autres&nbsp;<img src=\"https:\/\/stmichel.re\/wp_stm\/wp-includes\/images\/smilies\/icon_exclaim.gif\" alt=\"!\" class=\"wp-smiley\" style=\"height: 1em; max-height: 1em;\" \/><\/strong><\/p>\n<ul>\n<li>L\u2019Avent&nbsp;: accueillir la joie de No\u00ebl et la partager<\/li>\n<li>Le Car\u00eame&nbsp;: cheminer vers les autres<\/li>\n<\/ul>\n<p><strong>5-Cette ann\u00e9e&nbsp;: spectacle sur le Fr\u00e8re Scubilion<\/strong><\/p>\n<p><strong>6-Des propositions plus cibl\u00e9es pour les 3<sup>\u00e8mes<\/sup><\/strong><\/p>\n<ol>\n<li>TeenStar : Un parcours de r\u00e9flexion sur la vie affective et sexuelle<\/li>\n<li>Parcours de d\u00e9couverte de l\u2019\u00e9vangile selon St Marc<\/li>\n<\/ol>\n<p style=\"text-align: right;\">Sophie-Charlotte Calpetard<\/p>\nngg_shortcode_0_placeholder\n<p>&nbsp;<\/p>\n","protected":false},"excerpt":{"rendered":"<p>Vous pouvez t\u00e9l\u00e9charger le document pr\u00e9sentant l&rsquo;animation Pastorale au coll\u00e8ge en cliquant sur le lien ci-dessous. L&rsquo;animation Pastorale&nbsp; Vous y retrouverez les points suivants : 1-Une animation cadr\u00e9e par un Plan d\u2019Animation Pastorale 2-Une heure un peu particuli\u00e8re dans la semaine\u2026 En 6\u00e8me, de la culture religieuse En 5\u00e8me, de la culture chr\u00e9tienne puis de &hellip; <\/p>\n<p class=\"link-more\"><a href=\"https:\/\/stmichel.re\/?page_id=454\" class=\"more-link\">Continuer la lecture<span class=\"screen-reader-text\"> de &laquo;&nbsp;L&rsquo;animation Pastorale&nbsp;&raquo;<\/span><\/a><\/p>\n","protected":false},"author":101,"featured_media":11121,"parent":6,"menu_order":40,"comment_status":"closed","ping_status":"closed","template":"","meta":{"ngg_post_thumbnail":0,"footnotes":"","_links_to":"","_links_to_target":""},"class_list":["post-454","page","type-page","status-publish","has-post-thumbnail","hentry"],"_links":{"self":[{"href":"https:\/\/stmichel.re\/index.php?rest_route=\/wp\/v2\/pages\/454","targetHints":{"allow":["GET"]}}],"collection":[{"href":"https:\/\/stmichel.re\/index.php?rest_route=\/wp\/v2\/pages"}],"about":[{"href":"https:\/\/stmichel.re\/index.php?rest_route=\/wp\/v2\/types\/page"}],"author":[{"embeddable":true,"href":"https:\/\/stmichel.re\/index.php?rest_route=\/wp\/v2\/users\/101"}],"replies":[{"embeddable":true,"href":"https:\/\/stmichel.re\/index.php?rest_route=%2Fwp%2Fv2%2Fcomments&post=454"}],"version-history":[{"count":0,"href":"https:\/\/stmichel.re\/index.php?rest_route=\/wp\/v2\/pages\/454\/revisions"}],"up":[{"embeddable":true,"href":"https:\/\/stmichel.re\/index.php?rest_route=\/wp\/v2\/pages\/6"}],"wp:featuredmedia":[{"embeddable":true,"href":"https:\/\/stmichel.re\/index.php?rest_route=\/wp\/v2\/media\/11121"}],"wp:attachment":[{"href":"https:\/\/stmichel.re\/index.php?rest_route=%2Fwp%2Fv2%2Fmedia&parent=454"}],"curies":[{"name":"wp","href":"https:\/\/api.w.org\/{rel}","templated":true}]}}