{"id":440,"date":"2012-04-08T14:10:17","date_gmt":"2012-04-08T10:10:17","guid":{"rendered":"http:\/\/stmichel.re\/wp_stm\/?page_id=440"},"modified":"2012-10-09T19:00:56","modified_gmt":"2012-10-09T15:00:56","slug":"horaires-douverture","status":"publish","type":"page","link":"https:\/\/stmichel.re\/?page_id=440","title":{"rendered":"Horaires d&rsquo;ouverture"},"content":{"rendered":"<h2>Le coll\u00e8ge est ouvert :<\/h2>\n<p>Lundi, mardi, jeudi, vendredi -&gt; de 7 h \u00e0 17 h<\/p>\n<p>Mercredi -&gt; de 7 h \u00e0 13 h<\/p>\n<p><img loading=\"lazy\" decoding=\"async\" class=\"aligncenter size-medium wp-image-442\" title=\"RENS5\" src=\"http:\/\/stmichel.re\/wp_stm\/wp-content\/uploads\/2012\/04\/RENS51-300x224.jpg\" alt=\"\" width=\"300\" height=\"224\" srcset=\"https:\/\/stmichel.re\/wp_stm\/wp-content\/uploads\/2012\/04\/RENS51-300x224.jpg 300w, https:\/\/stmichel.re\/wp_stm\/wp-content\/uploads\/2012\/04\/RENS51-1024x768.jpg 1024w, https:\/\/stmichel.re\/wp_stm\/wp-content\/uploads\/2012\/04\/RENS51-400x300.jpg 400w\" sizes=\"auto, (max-width: 300px) 100vw, 300px\" \/><\/p>\n<p><strong>Le service \u00ab\u00a0caisse\u00a0\u00bb<\/strong> est ouvert de 7 h 30 \u00e0 9 h 30 les lundis, mardis, jeudis et vendredis, et toute la journ\u00e9e le mercredi.<\/p>\n","protected":false},"excerpt":{"rendered":"<p>Le coll\u00e8ge est ouvert : Lundi, mardi, jeudi, vendredi -&gt; de 7 h \u00e0 17 h Mercredi -&gt; de 7 h \u00e0 13 h Le service \u00ab\u00a0caisse\u00a0\u00bb est ouvert de 7 h 30 \u00e0 9 h 30 les lundis, mardis, jeudis et vendredis, et toute la journ\u00e9e le mercredi.<\/p>\n","protected":false},"author":197,"featured_media":2337,"parent":8,"menu_order":61,"comment_status":"closed","ping_status":"closed","template":"","meta":{"ngg_post_thumbnail":0,"footnotes":"","_links_to":"","_links_to_target":""},"class_list":["post-440","page","type-page","status-publish","has-post-thumbnail","hentry"],"_links":{"self":[{"href":"https:\/\/stmichel.re\/index.php?rest_route=\/wp\/v2\/pages\/440","targetHints":{"allow":["GET"]}}],"collection":[{"href":"https:\/\/stmichel.re\/index.php?rest_route=\/wp\/v2\/pages"}],"about":[{"href":"https:\/\/stmichel.re\/index.php?rest_route=\/wp\/v2\/types\/page"}],"author":[{"embeddable":true,"href":"https:\/\/stmichel.re\/index.php?rest_route=\/wp\/v2\/users\/197"}],"replies":[{"embeddable":true,"href":"https:\/\/stmichel.re\/index.php?rest_route=%2Fwp%2Fv2%2Fcomments&post=440"}],"version-history":[{"count":0,"href":"https:\/\/stmichel.re\/index.php?rest_route=\/wp\/v2\/pages\/440\/revisions"}],"up":[{"embeddable":true,"href":"https:\/\/stmichel.re\/index.php?rest_route=\/wp\/v2\/pages\/8"}],"wp:featuredmedia":[{"embeddable":true,"href":"https:\/\/stmichel.re\/index.php?rest_route=\/wp\/v2\/media\/2337"}],"wp:attachment":[{"href":"https:\/\/stmichel.re\/index.php?rest_route=%2Fwp%2Fv2%2Fmedia&parent=440"}],"curies":[{"name":"wp","href":"https:\/\/api.w.org\/{rel}","templated":true}]}}