{"id":4,"date":"2012-04-03T21:46:37","date_gmt":"2012-04-03T17:46:37","guid":{"rendered":"http:\/\/stmichel.re\/wp_stm\/?page_id=4"},"modified":"2017-03-23T16:16:07","modified_gmt":"2017-03-23T12:16:07","slug":"espace-eleves","status":"publish","type":"page","link":"https:\/\/stmichel.re\/?page_id=4","title":{"rendered":"Espace \u00e9l\u00e8ves"},"content":{"rendered":"<p>Cette partie du site est destin\u00e9e aux \u00e9l\u00e8ves du coll\u00e8ge qui pourront retrouver toutes sortes d&rsquo;informations et de documents les concernant.<\/p>\n","protected":false},"excerpt":{"rendered":"<p>Cette partie du site est destin\u00e9e aux \u00e9l\u00e8ves du coll\u00e8ge qui pourront retrouver toutes sortes d&rsquo;informations et de documents les concernant.<\/p>\n","protected":false},"author":197,"featured_media":2342,"parent":0,"menu_order":10,"comment_status":"closed","ping_status":"closed","template":"","meta":{"ngg_post_thumbnail":0,"footnotes":"","_links_to":"","_links_to_target":""},"class_list":["post-4","page","type-page","status-publish","has-post-thumbnail","hentry"],"_links":{"self":[{"href":"https:\/\/stmichel.re\/index.php?rest_route=\/wp\/v2\/pages\/4","targetHints":{"allow":["GET"]}}],"collection":[{"href":"https:\/\/stmichel.re\/index.php?rest_route=\/wp\/v2\/pages"}],"about":[{"href":"https:\/\/stmichel.re\/index.php?rest_route=\/wp\/v2\/types\/page"}],"author":[{"embeddable":true,"href":"https:\/\/stmichel.re\/index.php?rest_route=\/wp\/v2\/users\/197"}],"replies":[{"embeddable":true,"href":"https:\/\/stmichel.re\/index.php?rest_route=%2Fwp%2Fv2%2Fcomments&post=4"}],"version-history":[{"count":0,"href":"https:\/\/stmichel.re\/index.php?rest_route=\/wp\/v2\/pages\/4\/revisions"}],"wp:featuredmedia":[{"embeddable":true,"href":"https:\/\/stmichel.re\/index.php?rest_route=\/wp\/v2\/media\/2342"}],"wp:attachment":[{"href":"https:\/\/stmichel.re\/index.php?rest_route=%2Fwp%2Fv2%2Fmedia&parent=4"}],"curies":[{"name":"wp","href":"https:\/\/api.w.org\/{rel}","templated":true}]}}