{"id":384,"date":"2012-04-08T09:19:26","date_gmt":"2012-04-08T05:19:26","guid":{"rendered":"http:\/\/stmichel.re\/wp_stm\/?page_id=384"},"modified":"2016-08-17T15:34:38","modified_gmt":"2016-08-17T11:34:38","slug":"les-equipes","status":"publish","type":"page","link":"https:\/\/stmichel.re\/?page_id=384","title":{"rendered":"Les \u00e9quipes"},"content":{"rendered":"<p>Retrouvez ici toutes les \u00e9quipes du coll\u00e8ge St Michel <img src=\"https:\/\/stmichel.re\/wp_stm\/wp-includes\/images\/smilies\/icon_cool.gif\" alt=\"8)\" class=\"wp-smiley\" style=\"height: 1em; max-height: 1em;\" \/> .<\/p>\nngg_shortcode_0_placeholder\n","protected":false},"excerpt":{"rendered":"<p>Retrouvez ici toutes les \u00e9quipes du coll\u00e8ge St Michel .<\/p>\n","protected":false},"author":197,"featured_media":8413,"parent":8,"menu_order":40,"comment_status":"closed","ping_status":"closed","template":"","meta":{"ngg_post_thumbnail":0,"footnotes":"","_links_to":"","_links_to_target":""},"class_list":["post-384","page","type-page","status-publish","has-post-thumbnail","hentry"],"_links":{"self":[{"href":"https:\/\/stmichel.re\/index.php?rest_route=\/wp\/v2\/pages\/384","targetHints":{"allow":["GET"]}}],"collection":[{"href":"https:\/\/stmichel.re\/index.php?rest_route=\/wp\/v2\/pages"}],"about":[{"href":"https:\/\/stmichel.re\/index.php?rest_route=\/wp\/v2\/types\/page"}],"author":[{"embeddable":true,"href":"https:\/\/stmichel.re\/index.php?rest_route=\/wp\/v2\/users\/197"}],"replies":[{"embeddable":true,"href":"https:\/\/stmichel.re\/index.php?rest_route=%2Fwp%2Fv2%2Fcomments&post=384"}],"version-history":[{"count":0,"href":"https:\/\/stmichel.re\/index.php?rest_route=\/wp\/v2\/pages\/384\/revisions"}],"up":[{"embeddable":true,"href":"https:\/\/stmichel.re\/index.php?rest_route=\/wp\/v2\/pages\/8"}],"wp:featuredmedia":[{"embeddable":true,"href":"https:\/\/stmichel.re\/index.php?rest_route=\/wp\/v2\/media\/8413"}],"wp:attachment":[{"href":"https:\/\/stmichel.re\/index.php?rest_route=%2Fwp%2Fv2%2Fmedia&parent=384"}],"curies":[{"name":"wp","href":"https:\/\/api.w.org\/{rel}","templated":true}]}}