{"id":3788,"date":"2014-06-19T14:50:12","date_gmt":"2014-06-19T10:50:12","guid":{"rendered":"http:\/\/stmichel.re\/?page_id=3788"},"modified":"2018-08-30T14:41:12","modified_gmt":"2018-08-30T10:41:12","slug":"liens","status":"publish","type":"page","link":"https:\/\/stmichel.re\/?page_id=3788","title":{"rendered":"Liens"},"content":{"rendered":"<p><a href=\"http:\/\/www.ac-reunion.fr\/\" target=\"_blank\" rel=\"noopener\">Acad\u00e9mie de la R\u00e9union <\/a><\/p>\n<p><a href=\"http:\/\/metice.ac-reunion.fr\" target=\"_blank\" rel=\"noopener\">M\u00e9tice (ex ENT)<\/a><\/p>\n<p><a href=\"http:\/\/9740072k.esidoc.fr\" target=\"_blank\" rel=\"noopener\">E-sidoc, ressources documentaires du CDI <\/a><\/p>\n<p><a href=\"http:\/\/lasallefrance.fr\/\" target=\"_blank\" rel=\"noopener\">Fr\u00e8res des \u00e9coles chr\u00e9tiennes<\/a><\/p>\n<p><a href=\"http:\/\/www.collegealexandremonnet.re\/\" target=\"_blank\" rel=\"noopener\">Coll\u00e8ge Alexandre Monnet &#8211; St Benoit<\/a><\/p>\n","protected":false},"excerpt":{"rendered":"<p>Acad\u00e9mie de la R\u00e9union M\u00e9tice (ex ENT) E-sidoc, ressources documentaires du CDI Fr\u00e8res des \u00e9coles chr\u00e9tiennes Coll\u00e8ge Alexandre Monnet &#8211; St Benoit<\/p>\n","protected":false},"author":197,"featured_media":0,"parent":0,"menu_order":28,"comment_status":"closed","ping_status":"open","template":"","meta":{"ngg_post_thumbnail":0,"footnotes":"","_links_to":"","_links_to_target":""},"class_list":["post-3788","page","type-page","status-publish","hentry"],"_links":{"self":[{"href":"https:\/\/stmichel.re\/index.php?rest_route=\/wp\/v2\/pages\/3788","targetHints":{"allow":["GET"]}}],"collection":[{"href":"https:\/\/stmichel.re\/index.php?rest_route=\/wp\/v2\/pages"}],"about":[{"href":"https:\/\/stmichel.re\/index.php?rest_route=\/wp\/v2\/types\/page"}],"author":[{"embeddable":true,"href":"https:\/\/stmichel.re\/index.php?rest_route=\/wp\/v2\/users\/197"}],"replies":[{"embeddable":true,"href":"https:\/\/stmichel.re\/index.php?rest_route=%2Fwp%2Fv2%2Fcomments&post=3788"}],"version-history":[{"count":0,"href":"https:\/\/stmichel.re\/index.php?rest_route=\/wp\/v2\/pages\/3788\/revisions"}],"wp:attachment":[{"href":"https:\/\/stmichel.re\/index.php?rest_route=%2Fwp%2Fv2%2Fmedia&parent=3788"}],"curies":[{"name":"wp","href":"https:\/\/api.w.org\/{rel}","templated":true}]}}