{"id":3696,"date":"2014-04-09T19:55:11","date_gmt":"2014-04-09T15:55:11","guid":{"rendered":"http:\/\/stmichel.re\/?page_id=3696"},"modified":"2017-04-21T16:15:20","modified_gmt":"2017-04-21T12:15:20","slug":"inscription-au-college","status":"publish","type":"page","link":"https:\/\/stmichel.re\/?page_id=3696","title":{"rendered":"Inscription au coll\u00e8ge"},"content":{"rendered":"<p class=\"p1\"><span class=\"s1\">Les modalit\u00e9s de demande d\u2019inscription sont les suivantes :<\/span><\/p>\n<p class=\"p1\"><span class=\"s1\">1\/ <span style=\"text-decoration: underline;\">Demande d\u2019inscription en 6\u00e8me<\/span><\/span><\/p>\n<p class=\"p1\"><a href=\"http:\/\/stmichel.re\/wp_stm\/wp-content\/uploads\/2014\/04\/Modalite\u0301s-dinscription-2016.pdf\">Modalite\u0301s d&rsquo;inscription 2016<\/a><\/p>\n<p class=\"p1\"><span class=\"s2\">&nbsp;<\/span><span class=\"s2\">2<\/span><span class=\"s1\">\/ <span style=\"text-decoration: underline;\">Pour tous les autres cas<\/span> (dont les demandes d\u2019inscription pour les niveaux 5\u00e8me, 4\u00e8me et 3\u00e8me),<\/span><span class=\"s2\">&nbsp;vous devez envoyer une demande de dossier d\u2019inscription au Responsable de Niveaux concern\u00e9<\/span><\/p>\n<p class=\"p1\"><span class=\"s2\">&nbsp;<\/span>Niveaux 6\/5: <a href=\"mailto:responsablepedagogique65@stmichel.re\"><span class=\"s5\">responsablepedagogique65@stmichel.re<\/span><\/a><\/p>\n<p class=\"p1\"><span class=\"s2\">&nbsp;<\/span>Niveaux 4\/3 :&nbsp;<a href=\"mailto:responsablepedagogique43@stmichel.re\"><span class=\"s5\">responsablepedagogique43@stmichel.re<\/span><\/a><\/p>\n<p class=\"p3\"><span class=\"s2\">&nbsp;<\/span>A titre indicatif vous pouvez t\u00e9l\u00e9charger le r\u00e8glement financier :&nbsp;<a href=\"http:\/\/stmichel.re\/wp_stm\/wp-content\/uploads\/2014\/04\/Reglement-financier-2017-2018.pdf\">R\u00e8glement financier 2017-2018<\/a><\/p>\n<p><span style=\"text-decoration: underline;\">Pour les r\u00e9-inscriptions<\/span>, les documents seront transmis directement aux \u00e9l\u00e8ves en fin d&rsquo;ann\u00e9e scolaire.<\/p>\n","protected":false},"excerpt":{"rendered":"<p>Les modalit\u00e9s de demande d\u2019inscription sont les suivantes : 1\/ Demande d\u2019inscription en 6\u00e8me Modalite\u0301s d&rsquo;inscription 2016 &nbsp;2\/ Pour tous les autres cas (dont les demandes d\u2019inscription pour les niveaux 5\u00e8me, 4\u00e8me et 3\u00e8me),&nbsp;vous devez envoyer une demande de dossier d\u2019inscription au Responsable de Niveaux concern\u00e9 &nbsp;Niveaux 6\/5: responsablepedagogique65@stmichel.re &nbsp;Niveaux 4\/3 :&nbsp;responsablepedagogique43@stmichel.re &nbsp;A titre indicatif &hellip; <\/p>\n<p class=\"link-more\"><a href=\"https:\/\/stmichel.re\/?page_id=3696\" class=\"more-link\">Continuer la lecture<span class=\"screen-reader-text\"> de &laquo;&nbsp;Inscription au coll\u00e8ge&nbsp;&raquo;<\/span><\/a><\/p>\n","protected":false},"author":197,"featured_media":0,"parent":6,"menu_order":60,"comment_status":"closed","ping_status":"open","template":"","meta":{"ngg_post_thumbnail":0,"footnotes":"","_links_to":"","_links_to_target":""},"class_list":["post-3696","page","type-page","status-publish","hentry"],"_links":{"self":[{"href":"https:\/\/stmichel.re\/index.php?rest_route=\/wp\/v2\/pages\/3696","targetHints":{"allow":["GET"]}}],"collection":[{"href":"https:\/\/stmichel.re\/index.php?rest_route=\/wp\/v2\/pages"}],"about":[{"href":"https:\/\/stmichel.re\/index.php?rest_route=\/wp\/v2\/types\/page"}],"author":[{"embeddable":true,"href":"https:\/\/stmichel.re\/index.php?rest_route=\/wp\/v2\/users\/197"}],"replies":[{"embeddable":true,"href":"https:\/\/stmichel.re\/index.php?rest_route=%2Fwp%2Fv2%2Fcomments&post=3696"}],"version-history":[{"count":0,"href":"https:\/\/stmichel.re\/index.php?rest_route=\/wp\/v2\/pages\/3696\/revisions"}],"up":[{"embeddable":true,"href":"https:\/\/stmichel.re\/index.php?rest_route=\/wp\/v2\/pages\/6"}],"wp:attachment":[{"href":"https:\/\/stmichel.re\/index.php?rest_route=%2Fwp%2Fv2%2Fmedia&parent=3696"}],"curies":[{"name":"wp","href":"https:\/\/api.w.org\/{rel}","templated":true}]}}