{"id":3051,"date":"2013-06-10T15:30:30","date_gmt":"2013-06-10T11:30:30","guid":{"rendered":"http:\/\/stmichel.re\/?page_id=3051"},"modified":"2013-06-10T15:30:30","modified_gmt":"2013-06-10T11:30:30","slug":"usage-de-linternet","status":"publish","type":"page","link":"https:\/\/stmichel.re\/?page_id=3051","title":{"rendered":"Usage de l&rsquo;Internet"},"content":{"rendered":"<p>Sur cette page, nous vous proposons quelques liens\u00a0utiles, s\u00e9lectionn\u00e9s par l&rsquo;APEL, concernant l&rsquo;utilisation de l&rsquo;Internet&#8230;<\/p>\n<p><a href=\"http:\/\/www.controle-parental.net\">Le contr\u00f4le parental<\/a><\/p>\n<p><a href=\"http:\/\/www.internetsanscrainte.fr\/s-informer\/parents-informez-vous#parent2012\">Espace parents : Internet sans crainte<\/a><\/p>\n<p><a href=\"http:\/\/www.cnil.fr\">La CNIL<\/a><\/p>\n<p><a href=\"http:\/\/www.passe-ton-permis-web.com\/quizz.php\">Un quizz sur les bonnes pratiques sur Internet<\/a> (pour enfants et ados)<\/p>\n<p><a href=\"http:\/\/adblockplus.org\/fr\/chrome\">Se pr\u00e9server des publicit\u00e9s : Adblock<\/a><\/p>\n<p><a href=\"http:\/\/www.foruminternet.org\">Le forum des droits sur internet<\/a><\/p>\n<p><a href=\"http:\/\/www.educnet.education.fr\/legamedia\">Legam\u00e9dia : ce qu&rsquo;il faut savoir sur l&rsquo;\u00e9ducation et le droit des TICE<\/a><\/p>\n<p><a href=\"http:\/\/www.ctoutnet.fr\">Ctoutnet : pour un usage citoyen du net<\/a><\/p>\n","protected":false},"excerpt":{"rendered":"<p>Sur cette page, nous vous proposons quelques liens\u00a0utiles, s\u00e9lectionn\u00e9s par l&rsquo;APEL, concernant l&rsquo;utilisation de l&rsquo;Internet&#8230; Le contr\u00f4le parental Espace parents : Internet sans crainte La CNIL Un quizz sur les bonnes pratiques sur Internet (pour enfants et ados) Se pr\u00e9server des publicit\u00e9s : Adblock Le forum des droits sur internet Legam\u00e9dia : ce qu&rsquo;il faut &hellip; <\/p>\n<p class=\"link-more\"><a href=\"https:\/\/stmichel.re\/?page_id=3051\" class=\"more-link\">Continuer la lecture<span class=\"screen-reader-text\"> de &laquo;&nbsp;Usage de l&rsquo;Internet&nbsp;&raquo;<\/span><\/a><\/p>\n","protected":false},"author":197,"featured_media":3061,"parent":6,"menu_order":52,"comment_status":"closed","ping_status":"open","template":"","meta":{"ngg_post_thumbnail":0,"footnotes":"","_links_to":"","_links_to_target":""},"class_list":["post-3051","page","type-page","status-publish","has-post-thumbnail","hentry"],"_links":{"self":[{"href":"https:\/\/stmichel.re\/index.php?rest_route=\/wp\/v2\/pages\/3051","targetHints":{"allow":["GET"]}}],"collection":[{"href":"https:\/\/stmichel.re\/index.php?rest_route=\/wp\/v2\/pages"}],"about":[{"href":"https:\/\/stmichel.re\/index.php?rest_route=\/wp\/v2\/types\/page"}],"author":[{"embeddable":true,"href":"https:\/\/stmichel.re\/index.php?rest_route=\/wp\/v2\/users\/197"}],"replies":[{"embeddable":true,"href":"https:\/\/stmichel.re\/index.php?rest_route=%2Fwp%2Fv2%2Fcomments&post=3051"}],"version-history":[{"count":0,"href":"https:\/\/stmichel.re\/index.php?rest_route=\/wp\/v2\/pages\/3051\/revisions"}],"up":[{"embeddable":true,"href":"https:\/\/stmichel.re\/index.php?rest_route=\/wp\/v2\/pages\/6"}],"wp:featuredmedia":[{"embeddable":true,"href":"https:\/\/stmichel.re\/index.php?rest_route=\/wp\/v2\/media\/3061"}],"wp:attachment":[{"href":"https:\/\/stmichel.re\/index.php?rest_route=%2Fwp%2Fv2%2Fmedia&parent=3051"}],"curies":[{"name":"wp","href":"https:\/\/api.w.org\/{rel}","templated":true}]}}