{"id":239,"date":"2012-04-06T07:08:29","date_gmt":"2012-04-06T03:08:29","guid":{"rendered":"http:\/\/stmichel.re\/wp_stm\/?page_id=239"},"modified":"2017-02-23T11:36:32","modified_gmt":"2017-02-23T07:36:32","slug":"brevet-des-colleges","status":"publish","type":"page","link":"https:\/\/stmichel.re\/?page_id=239","title":{"rendered":"Brevet des coll\u00e8ges"},"content":{"rendered":"<p>Retrouvez ici les r\u00e9sultats obtenus ces derni\u00e8res ann\u00e9es au brevet des coll\u00e8ges.<\/p>\n<p><img loading=\"lazy\" decoding=\"async\" class=\"alignnone wp-image-8385 size-full\" src=\"http:\/\/stmichel.re\/wp_stm\/wp-content\/uploads\/2012\/04\/Capture-d\u2019e\u0301cran-2016-07-08-a\u0300-17.06.07.png\" alt=\"dnb2016\" width=\"238\" height=\"166\"><\/p>\n","protected":false},"excerpt":{"rendered":"<p>Retrouvez ici les r\u00e9sultats obtenus ces derni\u00e8res ann\u00e9es au brevet des coll\u00e8ges.<\/p>\n","protected":false},"author":197,"featured_media":2340,"parent":4,"menu_order":10,"comment_status":"closed","ping_status":"closed","template":"","meta":{"ngg_post_thumbnail":0,"footnotes":"","_links_to":"","_links_to_target":""},"class_list":["post-239","page","type-page","status-publish","has-post-thumbnail","hentry"],"_links":{"self":[{"href":"https:\/\/stmichel.re\/index.php?rest_route=\/wp\/v2\/pages\/239","targetHints":{"allow":["GET"]}}],"collection":[{"href":"https:\/\/stmichel.re\/index.php?rest_route=\/wp\/v2\/pages"}],"about":[{"href":"https:\/\/stmichel.re\/index.php?rest_route=\/wp\/v2\/types\/page"}],"author":[{"embeddable":true,"href":"https:\/\/stmichel.re\/index.php?rest_route=\/wp\/v2\/users\/197"}],"replies":[{"embeddable":true,"href":"https:\/\/stmichel.re\/index.php?rest_route=%2Fwp%2Fv2%2Fcomments&post=239"}],"version-history":[{"count":0,"href":"https:\/\/stmichel.re\/index.php?rest_route=\/wp\/v2\/pages\/239\/revisions"}],"up":[{"embeddable":true,"href":"https:\/\/stmichel.re\/index.php?rest_route=\/wp\/v2\/pages\/4"}],"wp:featuredmedia":[{"embeddable":true,"href":"https:\/\/stmichel.re\/index.php?rest_route=\/wp\/v2\/media\/2340"}],"wp:attachment":[{"href":"https:\/\/stmichel.re\/index.php?rest_route=%2Fwp%2Fv2%2Fmedia&parent=239"}],"curies":[{"name":"wp","href":"https:\/\/api.w.org\/{rel}","templated":true}]}}