{"id":14599,"date":"2020-07-02T17:17:40","date_gmt":"2020-07-02T13:17:40","guid":{"rendered":"http:\/\/stmichel.re\/?page_id=14599"},"modified":"2020-07-02T17:56:54","modified_gmt":"2020-07-02T13:56:54","slug":"conseils-de-revisions-rentree-en-seconde-3eme","status":"publish","type":"page","link":"https:\/\/stmichel.re\/?page_id=14599","title":{"rendered":"Conseils de r\u00e9visions &#8211; Rentr\u00e9e en seconde \/ 3\u00e8me"},"content":{"rendered":"\n<div id=\"block-c2ade399-7978-4944-8580-41e27c4cc814\" class=\"wp-block block-editor-block-list__block has-selected-ui\" tabindex=\"0\" role=\"group\" data-block=\"c2ade399-7978-4944-8580-41e27c4cc814\" data-type=\"tadv\/classic-paragraph\" aria-label=\"Bloc&nbsp;: Paragraphe classique\">\n<div id=\"editor-c2ade399-7978-4944-8580-41e27c4cc814\" class=\"wp-block-freeform block-library-rich-text__tinymce tma-classic-paragraph mce-content-body html5-captions\" contenteditable=\"true\">\n<p><strong><span style=\"color: #3366ff;\">Je pr\u00e9pare ma rentr\u00e9e en seconde :<\/span><\/strong><\/p>\n<\/div>\n<\/div>\n\n\n\n<div class=\"wp-block-file\"><a href=\"http:\/\/stmichel.re\/wp_stm\/wp-content\/uploads\/2020\/06\/Anglais-Annexe-List-of-Apps-to-improve-your-English.pdf\">Anglais : Annexe List of Apps to improve your English<\/a><a href=\"http:\/\/stmichel.re\/wp_stm\/wp-content\/uploads\/2020\/06\/Anglais-Annexe-List-of-Apps-to-improve-your-English.pdf\" class=\"wp-block-file__button\" download>T\u00e9l\u00e9charger<\/a><\/div>\n\n\n\n<div class=\"wp-block-file\"><a href=\"http:\/\/stmichel.re\/wp_stm\/wp-content\/uploads\/2020\/06\/Anglais-Films-et-se\u0301ries-4e-et-3e.pdf\">Anglais : Films et se\u0301ries<\/a><a href=\"http:\/\/stmichel.re\/wp_stm\/wp-content\/uploads\/2020\/06\/Anglais-Films-et-se\u0301ries-4e-et-3e.pdf\" class=\"wp-block-file__button\" download>T\u00e9l\u00e9charger<\/a><\/div>\n\n\n\n<div class=\"wp-block-file\"><a href=\"http:\/\/stmichel.re\/wp_stm\/wp-content\/uploads\/2020\/06\/Anglais-Preparer-sa-rentree-en-2nde.pdf\">Anglais : Pr\u00e9parer sa rentr\u00e9e en 2nde<\/a><a href=\"http:\/\/stmichel.re\/wp_stm\/wp-content\/uploads\/2020\/06\/Anglais-Preparer-sa-rentree-en-2nde.pdf\" class=\"wp-block-file__button\" download>T\u00e9l\u00e9charger<\/a><\/div>\n\n\n\n<div class=\"wp-block-file\"><a href=\"http:\/\/stmichel.re\/wp_stm\/wp-content\/uploads\/2020\/06\/HG-Preparer-sa-rentree-en-2nde.pdf\">HG : Pr\u00e9parer sa rentr\u00e9e en 2nde<\/a><a href=\"http:\/\/stmichel.re\/wp_stm\/wp-content\/uploads\/2020\/06\/HG-Preparer-sa-rentree-en-2nde.pdf\" class=\"wp-block-file__button\" download>T\u00e9l\u00e9charger<\/a><\/div>\n\n\n\n<div class=\"wp-block-file\"><a href=\"http:\/\/stmichel.re\/wp_stm\/wp-content\/uploads\/2020\/06\/LETTRES-Preparer-sa-rentree-en-2nde.pdf\">Lettres : Pr\u00e9parer sa rentr\u00e9e en 2nde<\/a><a href=\"http:\/\/stmichel.re\/wp_stm\/wp-content\/uploads\/2020\/06\/LETTRES-Preparer-sa-rentree-en-2nde.pdf\" class=\"wp-block-file__button\" download>T\u00e9l\u00e9charger<\/a><\/div>\n\n\n\n<div class=\"wp-block-file\"><a href=\"http:\/\/stmichel.re\/wp_stm\/wp-content\/uploads\/2020\/06\/Mathematiques-Preparer-sa-rentree-en-2nde-.pdf\">Math\u00e9matiques : Pr\u00e9parer sa rentr\u00e9e en 2nde<\/a><a href=\"http:\/\/stmichel.re\/wp_stm\/wp-content\/uploads\/2020\/06\/Mathematiques-Preparer-sa-rentree-en-2nde-.pdf\" class=\"wp-block-file__button\" download>T\u00e9l\u00e9charger<\/a><\/div>\n\n\n\n<hr class=\"wp-block-separator\"\/>\n\n\n\n<p><span style=\"color: #ff0000;\"><strong>Je pr\u00e9pare ma rentr\u00e9e en 3\u00e8me :<\/strong><\/span><\/p>\n\n\n\n<div class=\"wp-block-file\"><a href=\"http:\/\/stmichel.re\/wp_stm\/wp-content\/uploads\/2020\/06\/Anglais-Annexe-List-of-Apps-to-improve-your-English-1.pdf\">Anglais : Annexe List of Apps to improve your English<\/a><a href=\"http:\/\/stmichel.re\/wp_stm\/wp-content\/uploads\/2020\/06\/Anglais-Annexe-List-of-Apps-to-improve-your-English-1.pdf\" class=\"wp-block-file__button\" download>T\u00e9l\u00e9charger<\/a><\/div>\n\n\n\n<div class=\"wp-block-file\"><a href=\"http:\/\/stmichel.re\/wp_stm\/wp-content\/uploads\/2020\/06\/Anglais-Films-et-series-4e-et-3e.pdf\">Anglais : Films et s\u00e9ries<\/a><a href=\"http:\/\/stmichel.re\/wp_stm\/wp-content\/uploads\/2020\/06\/Anglais-Films-et-series-4e-et-3e.pdf\" class=\"wp-block-file__button\" download>T\u00e9l\u00e9charger<\/a><\/div>\n\n\n\n<div class=\"wp-block-file\"><a href=\"http:\/\/stmichel.re\/wp_stm\/wp-content\/uploads\/2020\/06\/Anglais-Preparer-sa-rentree-en-3e\u0300me-ou-3e\u0300me-PREPA-METIERS.pdf\">Anglais : Pr\u00e9parer sa rentr\u00e9e en 3e\u0300me ou 3e\u0300me Pr\u00e9pa-M\u00e9tiers<\/a><a href=\"http:\/\/stmichel.re\/wp_stm\/wp-content\/uploads\/2020\/06\/Anglais-Preparer-sa-rentree-en-3e\u0300me-ou-3e\u0300me-PREPA-METIERS.pdf\" class=\"wp-block-file__button\" download>T\u00e9l\u00e9charger<\/a><\/div>\n\n\n\n<div class=\"wp-block-file\"><a href=\"http:\/\/stmichel.re\/wp_stm\/wp-content\/uploads\/2020\/06\/HG-Preparer-sa-rentree-en-3eme.pdf\">HG : Pr\u00e9parer sa rentr\u00e9e en 3\u00e8me<\/a><a href=\"http:\/\/stmichel.re\/wp_stm\/wp-content\/uploads\/2020\/06\/HG-Preparer-sa-rentree-en-3eme.pdf\" class=\"wp-block-file__button\" download>T\u00e9l\u00e9charger<\/a><\/div>\n\n\n\n<div class=\"wp-block-file\"><a href=\"http:\/\/stmichel.re\/wp_stm\/wp-content\/uploads\/2020\/06\/LETTRES-Preparer-sa-rentree-en-3eme.pdf\">Lettres : Pr\u00e9parer sa rentr\u00e9e en 3\u00e8me<\/a><a href=\"http:\/\/stmichel.re\/wp_stm\/wp-content\/uploads\/2020\/06\/LETTRES-Preparer-sa-rentree-en-3eme.pdf\" class=\"wp-block-file__button\" download>T\u00e9l\u00e9charger<\/a><\/div>\n\n\n\n<div class=\"wp-block-file\"><a href=\"http:\/\/stmichel.re\/wp_stm\/wp-content\/uploads\/2020\/06\/MATHEMATIQUES-Preparer-sa-rentree-en-3eme.pdf\">Math\u00e9matiques : Pr\u00e9parer sa rentr\u00e9e en 3\u00e8me<\/a><a href=\"http:\/\/stmichel.re\/wp_stm\/wp-content\/uploads\/2020\/06\/MATHEMATIQUES-Preparer-sa-rentree-en-3eme.pdf\" class=\"wp-block-file__button\" download>T\u00e9l\u00e9charger<\/a><\/div>\n","protected":false},"excerpt":{"rendered":"<p>Je pr\u00e9pare ma rentr\u00e9e en seconde : Je pr\u00e9pare ma rentr\u00e9e en 3\u00e8me :<\/p>\n","protected":false},"author":197,"featured_media":0,"parent":0,"menu_order":0,"comment_status":"closed","ping_status":"closed","template":"","meta":{"ngg_post_thumbnail":0,"footnotes":"","_links_to":"","_links_to_target":""},"class_list":["post-14599","page","type-page","status-publish","hentry"],"_links":{"self":[{"href":"https:\/\/stmichel.re\/index.php?rest_route=\/wp\/v2\/pages\/14599","targetHints":{"allow":["GET"]}}],"collection":[{"href":"https:\/\/stmichel.re\/index.php?rest_route=\/wp\/v2\/pages"}],"about":[{"href":"https:\/\/stmichel.re\/index.php?rest_route=\/wp\/v2\/types\/page"}],"author":[{"embeddable":true,"href":"https:\/\/stmichel.re\/index.php?rest_route=\/wp\/v2\/users\/197"}],"replies":[{"embeddable":true,"href":"https:\/\/stmichel.re\/index.php?rest_route=%2Fwp%2Fv2%2Fcomments&post=14599"}],"version-history":[{"count":0,"href":"https:\/\/stmichel.re\/index.php?rest_route=\/wp\/v2\/pages\/14599\/revisions"}],"wp:attachment":[{"href":"https:\/\/stmichel.re\/index.php?rest_route=%2Fwp%2Fv2%2Fmedia&parent=14599"}],"curies":[{"name":"wp","href":"https:\/\/api.w.org\/{rel}","templated":true}]}}