{"id":14529,"date":"2020-06-24T10:21:15","date_gmt":"2020-06-24T06:21:15","guid":{"rendered":"http:\/\/stmichel.re\/?page_id=14529"},"modified":"2020-07-02T17:59:29","modified_gmt":"2020-07-02T13:59:29","slug":"conseils-de-revisions-pour-la-rentree-prochaine","status":"publish","type":"page","link":"https:\/\/stmichel.re\/?page_id=14529","title":{"rendered":"Conseils de r\u00e9visions pour la rentr\u00e9e prochaine"},"content":{"rendered":"\n<p><a href=\"http:\/\/stmichel.re\/?page_id=14599\"><span style=\"color: #000000;\">Je rentre en seconde ou en troisi\u00e8me&#8230;<\/span><\/a><\/p>\n<p><a href=\"http:\/\/stmichel.re\/?page_id=14602\"><span style=\"color: #000000;\">Je rentre en quatri\u00e8me ou en cinqui\u00e8me&#8230;<\/span><\/a><\/p>\n","protected":false},"excerpt":{"rendered":"<p>Je rentre en seconde ou en troisi\u00e8me&#8230; Je rentre en quatri\u00e8me ou en cinqui\u00e8me&#8230;<\/p>\n","protected":false},"author":197,"featured_media":0,"parent":0,"menu_order":0,"comment_status":"closed","ping_status":"closed","template":"","meta":{"ngg_post_thumbnail":0,"footnotes":"","_links_to":"","_links_to_target":""},"class_list":["post-14529","page","type-page","status-publish","hentry"],"_links":{"self":[{"href":"https:\/\/stmichel.re\/index.php?rest_route=\/wp\/v2\/pages\/14529","targetHints":{"allow":["GET"]}}],"collection":[{"href":"https:\/\/stmichel.re\/index.php?rest_route=\/wp\/v2\/pages"}],"about":[{"href":"https:\/\/stmichel.re\/index.php?rest_route=\/wp\/v2\/types\/page"}],"author":[{"embeddable":true,"href":"https:\/\/stmichel.re\/index.php?rest_route=\/wp\/v2\/users\/197"}],"replies":[{"embeddable":true,"href":"https:\/\/stmichel.re\/index.php?rest_route=%2Fwp%2Fv2%2Fcomments&post=14529"}],"version-history":[{"count":0,"href":"https:\/\/stmichel.re\/index.php?rest_route=\/wp\/v2\/pages\/14529\/revisions"}],"wp:attachment":[{"href":"https:\/\/stmichel.re\/index.php?rest_route=%2Fwp%2Fv2%2Fmedia&parent=14529"}],"curies":[{"name":"wp","href":"https:\/\/api.w.org\/{rel}","templated":true}]}}