{"id":13317,"date":"2019-04-22T17:46:13","date_gmt":"2019-04-22T13:46:13","guid":{"rendered":"http:\/\/stmichel.re\/?page_id=13317"},"modified":"2020-03-03T21:25:21","modified_gmt":"2020-03-03T17:25:21","slug":"pensee-de-la-semaine","status":"publish","type":"page","link":"https:\/\/stmichel.re\/?page_id=13317","title":{"rendered":"Pens\u00e9e de la semaine"},"content":{"rendered":"\n<h4 style=\"text-align: center\"><span style=\"color: #008000\"><strong><span style=\"color: #800080\">Mot de la semaine 10<\/span><br \/><\/strong><\/span><\/h4>\n<div dir=\"ltr\">\n<div>Bonjour \u00e0 tous,<\/div>\n<div><br \/>Mercredi dernier, par la messe des cendres, les catholiques entraient en Car\u00eame, une p\u00e9riode de 40 jours avant P\u00e2ques.<\/div>\n<\/div>\n<div dir=\"ltr\">\n<div>\u00a0<\/div>\n<div>Pourquoi les catholiques respectent-ils la p\u00e9riode du Car\u00eame chaque ann\u00e9e?<\/div>\n<div>\u00a0<\/div>\n<div>Chaque ann\u00e9e, nous nous pr\u00e9parons \u00e0 f\u00eater des \u00e9v\u00e8nements qui ont marqu\u00e9 notre existence, par exemple notre anniversaire. De m\u00eame, chaque ann\u00e9e, les catholiques se pr\u00e9parent \u00e0 comm\u00e9morer La r\u00e9surrection de J\u00e9sus Christ. Ainsi, lors du car\u00eame, ils convertissent \u00e0 nouveau leur c\u0153ur au Christ par la pri\u00e8re, le je\u00fbne et le partage.<\/div>\n<\/div>\n<div><br \/>La pri\u00e8re est un dialogue avec Dieu, \u00e0 qui on parle et que l&rsquo;on \u00e9coute en r\u00e9citant. Celle- ci nous offre la paix int\u00e9rieure, la force dont nous avons besoin pour vivre, le r\u00e9confort et l&rsquo;esp\u00e9rance.\u00a0 Elle nous permet\u00a0 de prendre de la distance par rapport \u00e0 ce que nous vivons tous les jours et nous aide \u00e0 nous recentrer sur l\u2019essentiel.\n<div class=\"yj6qo ajU\">\n<div id=\":n0\" class=\"ajR\" role=\"button\" aria-label=\"Masquer le contenu abr\u00e9g\u00e9\" data-tooltip=\"Masquer le contenu abr\u00e9g\u00e9\"><img decoding=\"async\" class=\"ajT\" src=\"https:\/\/ssl.gstatic.com\/ui\/v1\/icons\/mail\/images\/cleardot.gif\" \/><\/div>\n<\/div>\n<div class=\"adL\">\n<div class=\"im\">Le je\u00fbne permet de se lib\u00e9rer de ce qui nous \u00e9loigne de l\u2019essentiel.<\/div>\n<div class=\"im\"><br \/>Par le partage, nous mettons en \u0153uvre l\u2019essentiel, c\u2019est-\u00e0-dire, exprimer qui nous sommes en tant qu\u2019humains.<\/div>\n<div class=\"im\"><br \/>Alors, que nous soyons ou pas catholiques, profitons de cette p\u00e9riode pour revenir \u00e0 l\u2019essentiel.<\/div>\n<div class=\"im\"><br \/>Bonne semaine,<\/div>\n<\/div>\n<\/div>\n<p>\u00a0<\/p>\n<p>\u00a0<\/p>\n<p>\u00a0<\/p>\n","protected":false},"excerpt":{"rendered":"<p>Mot de la semaine 10 Bonjour \u00e0 tous, Mercredi dernier, par la messe des cendres, les catholiques entraient en Car\u00eame, une p\u00e9riode de 40 jours avant P\u00e2ques. \u00a0 Pourquoi les catholiques respectent-ils la p\u00e9riode du Car\u00eame chaque ann\u00e9e? \u00a0 Chaque ann\u00e9e, nous nous pr\u00e9parons \u00e0 f\u00eater des \u00e9v\u00e8nements qui ont marqu\u00e9 notre existence, par exemple &hellip; <\/p>\n<p class=\"link-more\"><a href=\"https:\/\/stmichel.re\/?page_id=13317\" class=\"more-link\">Continuer la lecture<span class=\"screen-reader-text\"> de &laquo;&nbsp;Pens\u00e9e de la semaine&nbsp;&raquo;<\/span><\/a><\/p>\n","protected":false},"author":101,"featured_media":0,"parent":0,"menu_order":0,"comment_status":"closed","ping_status":"closed","template":"","meta":{"ngg_post_thumbnail":0,"footnotes":"","_links_to":"","_links_to_target":""},"class_list":["post-13317","page","type-page","status-publish","hentry"],"_links":{"self":[{"href":"https:\/\/stmichel.re\/index.php?rest_route=\/wp\/v2\/pages\/13317","targetHints":{"allow":["GET"]}}],"collection":[{"href":"https:\/\/stmichel.re\/index.php?rest_route=\/wp\/v2\/pages"}],"about":[{"href":"https:\/\/stmichel.re\/index.php?rest_route=\/wp\/v2\/types\/page"}],"author":[{"embeddable":true,"href":"https:\/\/stmichel.re\/index.php?rest_route=\/wp\/v2\/users\/101"}],"replies":[{"embeddable":true,"href":"https:\/\/stmichel.re\/index.php?rest_route=%2Fwp%2Fv2%2Fcomments&post=13317"}],"version-history":[{"count":0,"href":"https:\/\/stmichel.re\/index.php?rest_route=\/wp\/v2\/pages\/13317\/revisions"}],"wp:attachment":[{"href":"https:\/\/stmichel.re\/index.php?rest_route=%2Fwp%2Fv2%2Fmedia&parent=13317"}],"curies":[{"name":"wp","href":"https:\/\/api.w.org\/{rel}","templated":true}]}}