{"id":13172,"date":"2019-03-02T15:13:24","date_gmt":"2019-03-02T11:13:24","guid":{"rendered":"http:\/\/stmichel.re\/?page_id=13172"},"modified":"2019-03-02T15:13:25","modified_gmt":"2019-03-02T11:13:25","slug":"les-sciences-au-college","status":"publish","type":"page","link":"https:\/\/stmichel.re\/?page_id=13172","title":{"rendered":"Les sciences au coll\u00e8ge"},"content":{"rendered":"\n<p>Retrouvez ici les articles concernant les sciences au coll\u00e8ge &#8230;<\/p>\n\n\n\n\n<div class=\"su-posts su-posts-default-loop \">\n\n\t\n\t\t\t\t\t\n\t\t\t\n\t\t\t<div id=\"su-post-14866\" class=\"su-post \">\n\n\t\t\t\t\t\t\t\t\t<a class=\"su-post-thumbnail\" href=\"https:\/\/stmichel.re\/?p=14866\"><img loading=\"lazy\" decoding=\"async\" width=\"1024\" height=\"416\" src=\"https:\/\/stmichel.re\/wp_stm\/wp-content\/uploads\/2021\/05\/1620047642252.jpg\" class=\"attachment-post-thumbnail size-post-thumbnail wp-post-image\" alt=\"\" srcset=\"https:\/\/stmichel.re\/wp_stm\/wp-content\/uploads\/2021\/05\/1620047642252.jpg 1024w, https:\/\/stmichel.re\/wp_stm\/wp-content\/uploads\/2021\/05\/1620047642252-300x122.jpg 300w, https:\/\/stmichel.re\/wp_stm\/wp-content\/uploads\/2021\/05\/1620047642252-768x312.jpg 768w\" sizes=\"auto, 100vw\" \/><\/a>\n\t\t\t\t\n\t\t\t\t<h2 class=\"su-post-title\"><a href=\"https:\/\/stmichel.re\/?p=14866\">Plantation de jeunes arbres au coll\u00e8ge<\/a><\/h2>\n\n\t\t\t\t<div class=\"su-post-meta\">\n\t\t\t\t\tPubli\u00e9: 3 mai 2021\t\t\t\t<\/div>\n\n\t\t\t\t<div class=\"su-post-excerpt\">\n\t\t\t\t\t<p>Dans le cadre du projet \u00e9cologie int\u00e9grale,&nbsp; la plantation d&rsquo;un bois d&rsquo;arnette a eu lieu, par des \u00e9co-d\u00e9l\u00e9gu\u00e9s.&nbsp; Nathan Hoarau a accept\u00e9 volontiers de faire un discours pour l&rsquo;occasion, avant de r\u00e9aliser la plantation, avec l&rsquo;aide de Franck Fontaine et de L\u00e9a Courteaud.&nbsp;<\/p>\n\t\t\t\t<\/div>\n\n\t\t\t\t\n\t\t\t<\/div>\n\n\t\t\t\t\t\n\t\t\t\n\t\t\t<div id=\"su-post-14749\" class=\"su-post \">\n\n\t\t\t\t\t\t\t\t\t<a class=\"su-post-thumbnail\" href=\"https:\/\/stmichel.re\/?p=14749\"><img loading=\"lazy\" decoding=\"async\" width=\"512\" height=\"269\" src=\"https:\/\/stmichel.re\/wp_stm\/wp-content\/uploads\/2020\/11\/dc3e93a1f28d5997e2bc1a741b1528-f19dd-1.jpg\" class=\"attachment-post-thumbnail size-post-thumbnail wp-post-image\" alt=\"\" srcset=\"https:\/\/stmichel.re\/wp_stm\/wp-content\/uploads\/2020\/11\/dc3e93a1f28d5997e2bc1a741b1528-f19dd-1.jpg 512w, https:\/\/stmichel.re\/wp_stm\/wp-content\/uploads\/2020\/11\/dc3e93a1f28d5997e2bc1a741b1528-f19dd-1-300x158.jpg 300w\" sizes=\"auto, 100vw\" \/><\/a>\n\t\t\t\t\n\t\t\t\t<h2 class=\"su-post-title\"><a href=\"https:\/\/stmichel.re\/?p=14749\">F\u00eate de la science 2020<\/a><\/h2>\n\n\t\t\t\t<div class=\"su-post-meta\">\n\t\t\t\t\tPubli\u00e9: 18 novembre 2020\t\t\t\t<\/div>\n\n\t\t\t\t<div class=\"su-post-excerpt\">\n\t\t\t\t\t<p>Retrouvez une petite vid\u00e9o sympa de la f\u00eate de la science qui s&rsquo;est d\u00e9roul\u00e9e au coll\u00e8ge en novembre 2020&#8230;<\/p>\n\t\t\t\t<\/div>\n\n\t\t\t\t\n\t\t\t<\/div>\n\n\t\t\t\t\t\n\t\t\t\n\t\t\t<div id=\"su-post-14585\" class=\"su-post \">\n\n\t\t\t\t\t\t\t\t\t<a class=\"su-post-thumbnail\" href=\"https:\/\/stmichel.re\/?p=14585\"><img loading=\"lazy\" decoding=\"async\" width=\"2388\" height=\"800\" src=\"https:\/\/stmichel.re\/wp_stm\/wp-content\/uploads\/2020\/07\/Capture-d\u2019e\u0301cran-2020-07-01-a\u0300-10.12.11.png\" class=\"attachment-post-thumbnail size-post-thumbnail wp-post-image\" alt=\"\" srcset=\"https:\/\/stmichel.re\/wp_stm\/wp-content\/uploads\/2020\/07\/Capture-d\u2019e\u0301cran-2020-07-01-a\u0300-10.12.11.png 2388w, https:\/\/stmichel.re\/wp_stm\/wp-content\/uploads\/2020\/07\/Capture-d\u2019e\u0301cran-2020-07-01-a\u0300-10.12.11-300x101.png 300w, https:\/\/stmichel.re\/wp_stm\/wp-content\/uploads\/2020\/07\/Capture-d\u2019e\u0301cran-2020-07-01-a\u0300-10.12.11-1200x402.png 1200w, https:\/\/stmichel.re\/wp_stm\/wp-content\/uploads\/2020\/07\/Capture-d\u2019e\u0301cran-2020-07-01-a\u0300-10.12.11-768x257.png 768w, https:\/\/stmichel.re\/wp_stm\/wp-content\/uploads\/2020\/07\/Capture-d\u2019e\u0301cran-2020-07-01-a\u0300-10.12.11-1536x515.png 1536w, https:\/\/stmichel.re\/wp_stm\/wp-content\/uploads\/2020\/07\/Capture-d\u2019e\u0301cran-2020-07-01-a\u0300-10.12.11-2048x686.png 2048w, https:\/\/stmichel.re\/wp_stm\/wp-content\/uploads\/2020\/07\/Capture-d\u2019e\u0301cran-2020-07-01-a\u0300-10.12.11-1320x442.png 1320w\" sizes=\"auto, 100vw\" \/><\/a>\n\t\t\t\t\n\t\t\t\t<h2 class=\"su-post-title\"><a href=\"https:\/\/stmichel.re\/?p=14585\">L&rsquo;Univers en vid\u00e9os<\/a><\/h2>\n\n\t\t\t\t<div class=\"su-post-meta\">\n\t\t\t\t\tPubli\u00e9: 1 juillet 2020\t\t\t\t<\/div>\n\n\t\t\t\t<div class=\"su-post-excerpt\">\n\t\t\t\t\t<p>Retrouvez-ici un ensemble de liens vers des vid\u00e9os passionnantes, visionn\u00e9es cette semaine par certaines classes de sixi\u00e8me, sur l&rsquo;Univers, les objets qu&rsquo;on y trouve, ses dimensions d\u00e9mesur\u00e9es&#8230;<\/p>\n\t\t\t\t<\/div>\n\n\t\t\t\t\n\t\t\t<\/div>\n\n\t\t\t\t\t\n\t\t\t\n\t\t\t<div id=\"su-post-14259\" class=\"su-post \">\n\n\t\t\t\t\t\t\t\t\t<a class=\"su-post-thumbnail\" href=\"https:\/\/stmichel.re\/?p=14259\"><img loading=\"lazy\" decoding=\"async\" width=\"978\" height=\"334\" src=\"https:\/\/stmichel.re\/wp_stm\/wp-content\/uploads\/2019\/12\/24480853925_bcd61defe5_b.jpg\" class=\"attachment-post-thumbnail size-post-thumbnail wp-post-image\" alt=\"\" srcset=\"https:\/\/stmichel.re\/wp_stm\/wp-content\/uploads\/2019\/12\/24480853925_bcd61defe5_b.jpg 978w, https:\/\/stmichel.re\/wp_stm\/wp-content\/uploads\/2019\/12\/24480853925_bcd61defe5_b-300x102.jpg 300w, https:\/\/stmichel.re\/wp_stm\/wp-content\/uploads\/2019\/12\/24480853925_bcd61defe5_b-768x262.jpg 768w\" sizes=\"auto, 100vw\" \/><\/a>\n\t\t\t\t\n\t\t\t\t<h2 class=\"su-post-title\"><a href=\"https:\/\/stmichel.re\/?p=14259\">Conf\u00e9rence sur les plantes m\u00e9dicinales de la R\u00e9union<\/a><\/h2>\n\n\t\t\t\t<div class=\"su-post-meta\">\n\t\t\t\t\tPubli\u00e9: 5 d\u00e9cembre 2019\t\t\t\t<\/div>\n\n\t\t\t\t<div class=\"su-post-excerpt\">\n\t\t\t\t\t<p>Le 4 novembre dernier, M. Claude Marodon, Pr\u00e9sident de l&rsquo;APLAMEDOM et Pr\u00e9sident de l&rsquo;Ordre des Pharmaciens de la R\u00e9union nous a fait l&rsquo;honneur de donner une conf\u00e9rence \u00e0 notre coll\u00e8ge, devant une centaine d&rsquo;auditeurs. Il nous a parl\u00e9 de plantes m\u00e9dicinales r\u00e9unionnaises, de protocoles th\u00e9rapeutiques traditionnels reconnus par la science, de l&rsquo;entr\u00e9e de 22 plantes &hellip; <\/p>\n<p class=\"link-more\"><a href=\"https:\/\/stmichel.re\/?p=14259\" class=\"more-link\">Continuer la lecture<span class=\"screen-reader-text\"> de &laquo;&nbsp;Conf\u00e9rence sur les plantes m\u00e9dicinales de la R\u00e9union&nbsp;&raquo;<\/span><\/a><\/p>\n\t\t\t\t<\/div>\n\n\t\t\t\t\t\t\t\t\t<a href=\"https:\/\/stmichel.re\/?p=14259#respond\" class=\"su-post-comments-link\">0 commentaire<\/a>\n\t\t\t\t\n\t\t\t<\/div>\n\n\t\t\t\t\t\n\t\t\t\n\t\t\t<div id=\"su-post-12836\" class=\"su-post \">\n\n\t\t\t\t\n\t\t\t\t<h2 class=\"su-post-title\"><a href=\"https:\/\/stmichel.re\/?p=12836\">Retour sur la f\u00eate de la Science<\/a><\/h2>\n\n\t\t\t\t<div class=\"su-post-meta\">\n\t\t\t\t\tPubli\u00e9: 1 novembre 2018\t\t\t\t<\/div>\n\n\t\t\t\t<div class=\"su-post-excerpt\">\n\t\t\t\t\t<p>Avec une petite vid\u00e9o \u00e0 consulter en cliquant sur le lien ci-dessous&#8230; F\u00eate de la Science au coll\u00e8ge Attention : en cas de difficult\u00e9 de lecture n&rsquo;h\u00e9sitez pas \u00e0 changer de navigateur&#8230;<\/p>\n\t\t\t\t<\/div>\n\n\t\t\t\t\t\t\t\t\t<a href=\"https:\/\/stmichel.re\/?p=12836#respond\" class=\"su-post-comments-link\">0 commentaire<\/a>\n\t\t\t\t\n\t\t\t<\/div>\n\n\t\t\t\t\t\n\t\t\t\n\t\t\t<div id=\"su-post-12393\" class=\"su-post \">\n\n\t\t\t\t\t\t\t\t\t<a class=\"su-post-thumbnail\" href=\"https:\/\/stmichel.re\/?p=12393\"><img loading=\"lazy\" decoding=\"async\" width=\"746\" height=\"284\" src=\"https:\/\/stmichel.re\/wp_stm\/wp-content\/uploads\/2018\/10\/Capture-d\u2019e\u0301cran-2018-10-03-a\u0300-08.31.21.png\" class=\"attachment-post-thumbnail size-post-thumbnail wp-post-image\" alt=\"\" srcset=\"https:\/\/stmichel.re\/wp_stm\/wp-content\/uploads\/2018\/10\/Capture-d\u2019e\u0301cran-2018-10-03-a\u0300-08.31.21.png 746w, https:\/\/stmichel.re\/wp_stm\/wp-content\/uploads\/2018\/10\/Capture-d\u2019e\u0301cran-2018-10-03-a\u0300-08.31.21-300x114.png 300w, https:\/\/stmichel.re\/wp_stm\/wp-content\/uploads\/2018\/10\/Capture-d\u2019e\u0301cran-2018-10-03-a\u0300-08.31.21-600x228.png 600w\" sizes=\"auto, 100vw\" \/><\/a>\n\t\t\t\t\n\t\t\t\t<h2 class=\"su-post-title\"><a href=\"https:\/\/stmichel.re\/?p=12393\">F\u00eate de la science<\/a><\/h2>\n\n\t\t\t\t<div class=\"su-post-meta\">\n\t\t\t\t\tPubli\u00e9: 3 octobre 2018\t\t\t\t<\/div>\n\n\t\t\t\t<div class=\"su-post-excerpt\">\n\t\t\t\t\t<p>Les lundi 08, jeudi 11 et vendredi 12 octobre prochains, sur le temps de midi, des ateliers destin\u00e9s aux \u00e9l\u00e8ves de 6\u00e8me, 5\u00e8me et 4\u00e8me sont organis\u00e9s dans le cadre de la f\u00eate de la science . Attention, les places sont limit\u00e9es&#8230; &nbsp; F\u00eate de la science 2018 Quizz &#8211; F\u00eate de la science 2018<\/p>\n\t\t\t\t<\/div>\n\n\t\t\t\t\n\t\t\t<\/div>\n\n\t\t\n\t\n<\/div>\n\n\n\n\n\n<div class=\"su-posts su-posts-default-loop \">\n\n\t\n\t\t\t\t\t\n\t\t\t\n\t\t\t<div id=\"su-post-14889\" class=\"su-post \">\n\n\t\t\t\t\t\t\t\t\t<a class=\"su-post-thumbnail\" href=\"https:\/\/stmichel.re\/?p=14889\"><img loading=\"lazy\" decoding=\"async\" width=\"1024\" height=\"389\" src=\"https:\/\/stmichel.re\/wp_stm\/wp-content\/uploads\/2021\/06\/Sumos-de-montgaillard.jpg\" class=\"attachment-post-thumbnail size-post-thumbnail wp-post-image\" alt=\"\" srcset=\"https:\/\/stmichel.re\/wp_stm\/wp-content\/uploads\/2021\/06\/Sumos-de-montgaillard.jpg 1024w, https:\/\/stmichel.re\/wp_stm\/wp-content\/uploads\/2021\/06\/Sumos-de-montgaillard-300x114.jpg 300w, https:\/\/stmichel.re\/wp_stm\/wp-content\/uploads\/2021\/06\/Sumos-de-montgaillard-768x292.jpg 768w\" sizes=\"auto, 100vw\" \/><\/a>\n\t\t\t\t\n\t\t\t\t<h2 class=\"su-post-title\"><a href=\"https:\/\/stmichel.re\/?p=14889\">Tournoi robotique 2021<\/a><\/h2>\n\n\t\t\t\t<div class=\"su-post-meta\">\n\t\t\t\t\tPubli\u00e9: 16 juin 2021\t\t\t\t<\/div>\n\n\t\t\t\t<div class=\"su-post-excerpt\">\n\t\t\t\t\t<p>Cette ann\u00e9e le tournoi robotique de mini-Sumos a eu lieu le vendredi 30 avril 2021 au lyc\u00e9e de Bellepierre&nbsp; en mode VIP malheureusement, \u00e9tant donn\u00e9e l&rsquo;absence d&rsquo;\u00e9l\u00e8ves pour cause de crise sanitaire. Mais il s&rsquo;est quand m\u00eame d\u00e9roul\u00e9 avec la participation de 3 \u00e9tablissements le coll\u00e8ge Montgaillard, le lyc\u00e9e de Bellepierre et le coll\u00e8ge Lasalle &hellip; <\/p>\n<p class=\"link-more\"><a href=\"https:\/\/stmichel.re\/?p=14889\" class=\"more-link\">Continuer la lecture<span class=\"screen-reader-text\"> de &laquo;&nbsp;Tournoi robotique 2021&nbsp;&raquo;<\/span><\/a><\/p>\n\t\t\t\t<\/div>\n\n\t\t\t\t\n\t\t\t<\/div>\n\n\t\t\t\t\t\n\t\t\t\n\t\t\t<div id=\"su-post-14585\" class=\"su-post \">\n\n\t\t\t\t\t\t\t\t\t<a class=\"su-post-thumbnail\" href=\"https:\/\/stmichel.re\/?p=14585\"><img loading=\"lazy\" decoding=\"async\" width=\"2388\" height=\"800\" src=\"https:\/\/stmichel.re\/wp_stm\/wp-content\/uploads\/2020\/07\/Capture-d\u2019e\u0301cran-2020-07-01-a\u0300-10.12.11.png\" class=\"attachment-post-thumbnail size-post-thumbnail wp-post-image\" alt=\"\" srcset=\"https:\/\/stmichel.re\/wp_stm\/wp-content\/uploads\/2020\/07\/Capture-d\u2019e\u0301cran-2020-07-01-a\u0300-10.12.11.png 2388w, https:\/\/stmichel.re\/wp_stm\/wp-content\/uploads\/2020\/07\/Capture-d\u2019e\u0301cran-2020-07-01-a\u0300-10.12.11-300x101.png 300w, https:\/\/stmichel.re\/wp_stm\/wp-content\/uploads\/2020\/07\/Capture-d\u2019e\u0301cran-2020-07-01-a\u0300-10.12.11-1200x402.png 1200w, https:\/\/stmichel.re\/wp_stm\/wp-content\/uploads\/2020\/07\/Capture-d\u2019e\u0301cran-2020-07-01-a\u0300-10.12.11-768x257.png 768w, https:\/\/stmichel.re\/wp_stm\/wp-content\/uploads\/2020\/07\/Capture-d\u2019e\u0301cran-2020-07-01-a\u0300-10.12.11-1536x515.png 1536w, https:\/\/stmichel.re\/wp_stm\/wp-content\/uploads\/2020\/07\/Capture-d\u2019e\u0301cran-2020-07-01-a\u0300-10.12.11-2048x686.png 2048w, https:\/\/stmichel.re\/wp_stm\/wp-content\/uploads\/2020\/07\/Capture-d\u2019e\u0301cran-2020-07-01-a\u0300-10.12.11-1320x442.png 1320w\" sizes=\"auto, 100vw\" \/><\/a>\n\t\t\t\t\n\t\t\t\t<h2 class=\"su-post-title\"><a href=\"https:\/\/stmichel.re\/?p=14585\">L&rsquo;Univers en vid\u00e9os<\/a><\/h2>\n\n\t\t\t\t<div class=\"su-post-meta\">\n\t\t\t\t\tPubli\u00e9: 1 juillet 2020\t\t\t\t<\/div>\n\n\t\t\t\t<div class=\"su-post-excerpt\">\n\t\t\t\t\t<p>Retrouvez-ici un ensemble de liens vers des vid\u00e9os passionnantes, visionn\u00e9es cette semaine par certaines classes de sixi\u00e8me, sur l&rsquo;Univers, les objets qu&rsquo;on y trouve, ses dimensions d\u00e9mesur\u00e9es&#8230;<\/p>\n\t\t\t\t<\/div>\n\n\t\t\t\t\n\t\t\t<\/div>\n\n\t\t\t\t\t\n\t\t\t\n\t\t\t<div id=\"su-post-14493\" class=\"su-post \">\n\n\t\t\t\t\t\t\t\t\t<a class=\"su-post-thumbnail\" href=\"https:\/\/stmichel.re\/?p=14493\"><img loading=\"lazy\" decoding=\"async\" width=\"1024\" height=\"449\" src=\"https:\/\/stmichel.re\/wp_stm\/wp-content\/uploads\/2020\/03\/cdv_photo_007.jpg\" class=\"attachment-post-thumbnail size-post-thumbnail wp-post-image\" alt=\"\" srcset=\"https:\/\/stmichel.re\/wp_stm\/wp-content\/uploads\/2020\/03\/cdv_photo_007.jpg 1024w, https:\/\/stmichel.re\/wp_stm\/wp-content\/uploads\/2020\/03\/cdv_photo_007-300x132.jpg 300w, https:\/\/stmichel.re\/wp_stm\/wp-content\/uploads\/2020\/03\/cdv_photo_007-768x337.jpg 768w\" sizes=\"auto, 100vw\" \/><\/a>\n\t\t\t\t\n\t\t\t\t<h2 class=\"su-post-title\"><a href=\"https:\/\/stmichel.re\/?p=14493\">Les 3\u00e8mes pr\u00e9pa m\u00e9tiers au lyc\u00e9e<\/a><\/h2>\n\n\t\t\t\t<div class=\"su-post-meta\">\n\t\t\t\t\tPubli\u00e9: 6 mars 2020\t\t\t\t<\/div>\n\n\t\t\t\t<div class=\"su-post-excerpt\">\n\t\t\t\t\t<p>Retrouvez en images la visite du lyc\u00e9e h\u00f4telier de la Renaissance (m\u00e9tiers de l&rsquo;h\u00f4tellerie) et du lyc\u00e9e Cluny (m\u00e9tiers du tourisme, de la comptabilit\u00e9 et de la sant\u00e9) par les 3\u00e8mes pr\u00e9pa m\u00e9tiers, accompagn\u00e9s de M. Blotti\u00e8re.<\/p>\n\t\t\t\t<\/div>\n\n\t\t\t\t\n\t\t\t<\/div>\n\n\t\t\t\t\t\n\t\t\t\n\t\t\t<div id=\"su-post-12079\" class=\"su-post \">\n\n\t\t\t\t\t\t\t\t\t<a class=\"su-post-thumbnail\" href=\"https:\/\/stmichel.re\/?p=12079\"><img loading=\"lazy\" decoding=\"async\" width=\"1076\" height=\"498\" src=\"https:\/\/stmichel.re\/wp_stm\/wp-content\/uploads\/2018\/06\/suiveur.jpg\" class=\"attachment-post-thumbnail size-post-thumbnail wp-post-image\" alt=\"\" srcset=\"https:\/\/stmichel.re\/wp_stm\/wp-content\/uploads\/2018\/06\/suiveur.jpg 1076w, https:\/\/stmichel.re\/wp_stm\/wp-content\/uploads\/2018\/06\/suiveur-300x139.jpg 300w, https:\/\/stmichel.re\/wp_stm\/wp-content\/uploads\/2018\/06\/suiveur-768x355.jpg 768w, https:\/\/stmichel.re\/wp_stm\/wp-content\/uploads\/2018\/06\/suiveur-600x278.jpg 600w\" sizes=\"auto, 100vw\" \/><\/a>\n\t\t\t\t\n\t\t\t\t<h2 class=\"su-post-title\"><a href=\"https:\/\/stmichel.re\/?p=12079\">Troph\u00e9e Robotique<\/a><\/h2>\n\n\t\t\t\t<div class=\"su-post-meta\">\n\t\t\t\t\tPubli\u00e9: 23 juin 2018\t\t\t\t<\/div>\n\n\t\t\t\t<div class=\"su-post-excerpt\">\n\t\t\t\t\t<p>Le 7\u00e8me Troph\u00e9e r\u00e9gional de la robotique a eu lieu le mercredi 2 mai 2018 au lyc\u00e9e Bel Air, \u00e0 Sainte-Suzanne. Cinq \u00e9l\u00e8ves des classes de 3\u00e8meD et de 3\u00e8meG du Coll\u00e8ge La Salle Saint-Michel, Vincent Cheng-Chung Wah, Prassana Kichenin-Moutalou, Anupa Ramassamy, Ilian Rajabaly et Mathis Weber, accompagn\u00e9s de leur professeur de technologie M. Jauze, &hellip; <\/p>\n<p class=\"link-more\"><a href=\"https:\/\/stmichel.re\/?p=12079\" class=\"more-link\">Continuer la lecture<span class=\"screen-reader-text\"> de &laquo;&nbsp;Troph\u00e9e Robotique&nbsp;&raquo;<\/span><\/a><\/p>\n\t\t\t\t<\/div>\n\n\t\t\t\t\t\t\t\t\t<a href=\"https:\/\/stmichel.re\/?p=12079#respond\" class=\"su-post-comments-link\">0 commentaire<\/a>\n\t\t\t\t\n\t\t\t<\/div>\n\n\t\t\t\t\t\n\t\t\t\n\t\t\t<div id=\"su-post-11197\" class=\"su-post \">\n\n\t\t\t\t\t\t\t\t\t<a class=\"su-post-thumbnail\" href=\"https:\/\/stmichel.re\/?p=11197\"><img loading=\"lazy\" decoding=\"async\" width=\"998\" height=\"327\" src=\"https:\/\/stmichel.re\/wp_stm\/wp-content\/uploads\/2017\/07\/classement-1.jpg\" class=\"attachment-post-thumbnail size-post-thumbnail wp-post-image\" alt=\"\" srcset=\"https:\/\/stmichel.re\/wp_stm\/wp-content\/uploads\/2017\/07\/classement-1.jpg 998w, https:\/\/stmichel.re\/wp_stm\/wp-content\/uploads\/2017\/07\/classement-1-300x98.jpg 300w, https:\/\/stmichel.re\/wp_stm\/wp-content\/uploads\/2017\/07\/classement-1-768x252.jpg 768w, https:\/\/stmichel.re\/wp_stm\/wp-content\/uploads\/2017\/07\/classement-1-600x197.jpg 600w\" sizes=\"auto, 100vw\" \/><\/a>\n\t\t\t\t\n\t\t\t\t<h2 class=\"su-post-title\"><a href=\"https:\/\/stmichel.re\/?p=11197\">Tournoi Mini-Sumo<\/a><\/h2>\n\n\t\t\t\t<div class=\"su-post-meta\">\n\t\t\t\t\tPubli\u00e9: 4 juillet 2017\t\t\t\t<\/div>\n\n\t\t\t\t<div class=\"su-post-excerpt\">\n\t\t\t\t\t<p>Ce lundi 3 juillet 2017 a eu lieu la finale du tournoi Mini-Sumo, de 8h30 \u00e0 10h30, dans le hall du coll\u00e8ge. Ce tournoi est l\u2019aboutissement du projet de technologie des \u00e9l\u00e8ves de 3\u00e8me . Chaque \u00e9quipe s&rsquo;\u00e9tait distingu\u00e9e par un \u00ab\u00a0b\u00e9lier\u00a0\u00bb tr\u00e8s design que le jury a pu \u00e9valuer.&nbsp;<\/p>\n\t\t\t\t<\/div>\n\n\t\t\t\t\t\t\t\t\t<a href=\"https:\/\/stmichel.re\/?p=11197#respond\" class=\"su-post-comments-link\">0 commentaire<\/a>\n\t\t\t\t\n\t\t\t<\/div>\n\n\t\t\t\t\t\n\t\t\t\n\t\t\t<div id=\"su-post-10895\" class=\"su-post \">\n\n\t\t\t\t\t\t\t\t\t<a class=\"su-post-thumbnail\" href=\"https:\/\/stmichel.re\/?p=10895\"><img loading=\"lazy\" decoding=\"async\" width=\"1200\" height=\"541\" src=\"https:\/\/stmichel.re\/wp_stm\/wp-content\/uploads\/2017\/06\/Capture-d\u2019e\u0301cran-2017-06-02-a\u0300-14.26.19-1200x541.png\" class=\"attachment-post-thumbnail size-post-thumbnail wp-post-image\" alt=\"\" srcset=\"https:\/\/stmichel.re\/wp_stm\/wp-content\/uploads\/2017\/06\/Capture-d\u2019e\u0301cran-2017-06-02-a\u0300-14.26.19-1200x541.png 1200w, https:\/\/stmichel.re\/wp_stm\/wp-content\/uploads\/2017\/06\/Capture-d\u2019e\u0301cran-2017-06-02-a\u0300-14.26.19-300x135.png 300w, https:\/\/stmichel.re\/wp_stm\/wp-content\/uploads\/2017\/06\/Capture-d\u2019e\u0301cran-2017-06-02-a\u0300-14.26.19-768x346.png 768w, https:\/\/stmichel.re\/wp_stm\/wp-content\/uploads\/2017\/06\/Capture-d\u2019e\u0301cran-2017-06-02-a\u0300-14.26.19-600x270.png 600w, https:\/\/stmichel.re\/wp_stm\/wp-content\/uploads\/2017\/06\/Capture-d\u2019e\u0301cran-2017-06-02-a\u0300-14.26.19.png 1776w\" sizes=\"auto, 100vw\" \/><\/a>\n\t\t\t\t\n\t\t\t\t<h2 class=\"su-post-title\"><a href=\"https:\/\/stmichel.re\/?p=10895\">Atelier \u00ab\u00a0Cr\u00e9ation de site Internet\u00a0\u00bb<\/a><\/h2>\n\n\t\t\t\t<div class=\"su-post-meta\">\n\t\t\t\t\tPubli\u00e9: 2 juin 2017\t\t\t\t<\/div>\n\n\t\t\t\t<div class=\"su-post-excerpt\">\n\t\t\t\t\t<p>L&rsquo;association WEBCUP organise des ateliers de \u00ab\u00a0Cr\u00e9ation de Site Internet\u00a0\u00bb pendant les vacances scolaires de Juillet Ao\u00fbt 2017 \u00e0 Saint Denis et \u00e0 Saint Leu&#8230;<\/p>\n\t\t\t\t<\/div>\n\n\t\t\t\t\n\t\t\t<\/div>\n\n\t\t\t\t\t\n\t\t\t\n\t\t\t<div id=\"su-post-10883\" class=\"su-post \">\n\n\t\t\t\t\t\t\t\t\t<a class=\"su-post-thumbnail\" href=\"https:\/\/stmichel.re\/?p=10883\"><img loading=\"lazy\" decoding=\"async\" width=\"564\" height=\"240\" src=\"https:\/\/stmichel.re\/wp_stm\/wp-content\/uploads\/2017\/05\/sumo-robot-fight.png\" class=\"attachment-post-thumbnail size-post-thumbnail wp-post-image\" alt=\"\" srcset=\"https:\/\/stmichel.re\/wp_stm\/wp-content\/uploads\/2017\/05\/sumo-robot-fight.png 564w, https:\/\/stmichel.re\/wp_stm\/wp-content\/uploads\/2017\/05\/sumo-robot-fight-300x128.png 300w\" sizes=\"auto, 100vw\" \/><\/a>\n\t\t\t\t\n\t\t\t\t<h2 class=\"su-post-title\"><a href=\"https:\/\/stmichel.re\/?p=10883\">Troph\u00e9e Robotique<\/a><\/h2>\n\n\t\t\t\t<div class=\"su-post-meta\">\n\t\t\t\t\tPubli\u00e9: 19 mai 2017\t\t\t\t<\/div>\n\n\t\t\t\t<div class=\"su-post-excerpt\">\n\t\t\t\t\t<p>Le 6\u00e8me Troph\u00e9e de la robotique a eu lieu le 3 mai 2017 au lyc\u00e9e Bois d\u2019Olive \u00e0 la Ravine des Cabris. Deux \u00e9l\u00e8ves de 3\u00e8me&nbsp;D, Thomas Fourneau et C\u00e9dric Mard\u00e9, accompagn\u00e9s par M. Jauze, ont particip\u00e9 \u00e0 l\u2019\u00e9preuve dite du \u00ab Sumo \u00bb. Mieux que l\u2019ann\u00e9e derni\u00e8re, ils sont mont\u00e9s sur&nbsp;la troisi\u00e8me place du &hellip; <\/p>\n<p class=\"link-more\"><a href=\"https:\/\/stmichel.re\/?p=10883\" class=\"more-link\">Continuer la lecture<span class=\"screen-reader-text\"> de &laquo;&nbsp;Troph\u00e9e Robotique&nbsp;&raquo;<\/span><\/a><\/p>\n\t\t\t\t<\/div>\n\n\t\t\t\t\t\t\t\t\t<a href=\"https:\/\/stmichel.re\/?p=10883#comments\" class=\"su-post-comments-link\">1 commentaire<\/a>\n\t\t\t\t\n\t\t\t<\/div>\n\n\t\t\t\t\t\n\t\t\t\n\t\t\t<div id=\"su-post-8353\" class=\"su-post \">\n\n\t\t\t\t\t\t\t\t\t<a class=\"su-post-thumbnail\" href=\"https:\/\/stmichel.re\/?p=8353\"><img loading=\"lazy\" decoding=\"async\" width=\"1200\" height=\"750\" src=\"https:\/\/stmichel.re\/wp_stm\/wp-content\/uploads\/2016\/06\/robot-1200x750.jpeg\" class=\"attachment-post-thumbnail size-post-thumbnail wp-post-image\" alt=\"\" srcset=\"https:\/\/stmichel.re\/wp_stm\/wp-content\/uploads\/2016\/06\/robot-1200x750.jpeg 1200w, https:\/\/stmichel.re\/wp_stm\/wp-content\/uploads\/2016\/06\/robot-300x188.jpeg 300w, https:\/\/stmichel.re\/wp_stm\/wp-content\/uploads\/2016\/06\/robot-768x480.jpeg 768w, https:\/\/stmichel.re\/wp_stm\/wp-content\/uploads\/2016\/06\/robot.jpeg 1920w\" sizes=\"auto, 100vw\" \/><\/a>\n\t\t\t\t\n\t\t\t\t<h2 class=\"su-post-title\"><a href=\"https:\/\/stmichel.re\/?p=8353\">Tournoi robotique<\/a><\/h2>\n\n\t\t\t\t<div class=\"su-post-meta\">\n\t\t\t\t\tPubli\u00e9: 29 juin 2016\t\t\t\t<\/div>\n\n\t\t\t\t<div class=\"su-post-excerpt\">\n\t\t\t\t\t<p>Le 5\u00e8me tournoi robotique a eu lieu le 18 mai 2016 au lyc\u00e9e de Bel-Air de Sainte-Suzanne. Deux \u00e9l\u00e8ves de 3\u00e8me, Mavrick\u00a0Roux et Adrien Mamias, accompagn\u00e9s par M. Jauze, ont\u00a0particip\u00e9 \u00e0 l&rsquo;\u00e9preuve \u00ab\u00a0suiveur de ligne\u00a0\u00bb. Ils ont\u00a0termin\u00e9 \u00e0 la 6\u00e8me place . Pas mal pour une premi\u00e8re&#8230;\u00a0 \u00a0 https:\/\/youtu.be\/F8EUKxOAK58<\/p>\n\t\t\t\t<\/div>\n\n\t\t\t\t\n\t\t\t<\/div>\n\n\t\t\t\t\t\n\t\t\t\n\t\t\t<div id=\"su-post-2464\" class=\"su-post \">\n\n\t\t\t\t\n\t\t\t\t<h2 class=\"su-post-title\"><a href=\"https:\/\/stmichel.re\/?p=2464\">Vous aimez jouer aux \u00ab\u00a0L\u00e9go\u00a0\u00bb <img src=\"https:\/\/stmichel.re\/wp_stm\/wp-includes\/images\/smilies\/icon_question.gif\" alt=\"?\" class=\"wp-smiley\" style=\"height: 1em; max-height: 1em;\" \/><\/a><\/h2>\n\n\t\t\t\t<div class=\"su-post-meta\">\n\t\t\t\t\tPubli\u00e9: 13 d\u00e9cembre 2012\t\t\t\t<\/div>\n\n\t\t\t\t<div class=\"su-post-excerpt\">\n\t\t\t\t\t<p>Je ne r\u00e9siste pas \u00e0 l&rsquo;envie de mettre en ligne la vid\u00e9o (7 min) de cette superbe r\u00e9alisation tout en \u00ab\u00a0L\u00e9go\u00a0\u00bb de M. Akiyuri. :grin:<\/p>\n\t\t\t\t<\/div>\n\n\t\t\t\t\n\t\t\t<\/div>\n\n\t\t\t\t\t\n\t\t\t\n\t\t\t<div id=\"su-post-918\" class=\"su-post \">\n\n\t\t\t\t\n\t\t\t\t<h2 class=\"su-post-title\"><a href=\"https:\/\/stmichel.re\/?p=918\">Le monde de l&rsquo;\u00e9nergie<\/a><\/h2>\n\n\t\t\t\t<div class=\"su-post-meta\">\n\t\t\t\t\tPubli\u00e9: 13 avril 2012\t\t\t\t<\/div>\n\n\t\t\t\t<div class=\"su-post-excerpt\">\n\t\t\t\t\t<p>:razz: Une petite vid\u00e9o de 3 minutes r\u00e9alis\u00e9e par Mahault, Andr\u00e9a, Laura et Margaux des 3\u00e8me J et L dans le cadre du cours de technologie&#8230;<\/p>\n\t\t\t\t<\/div>\n\n\t\t\t\t\n\t\t\t<\/div>\n\n\t\t\n\t\n<\/div>\n\n","protected":false},"excerpt":{"rendered":"<p>Retrouvez ici les articles concernant les sciences au coll\u00e8ge &#8230;<\/p>\n","protected":false},"author":197,"featured_media":0,"parent":0,"menu_order":0,"comment_status":"closed","ping_status":"closed","template":"","meta":{"ngg_post_thumbnail":0,"footnotes":"","_links_to":"","_links_to_target":""},"class_list":["post-13172","page","type-page","status-publish","hentry"],"_links":{"self":[{"href":"https:\/\/stmichel.re\/index.php?rest_route=\/wp\/v2\/pages\/13172","targetHints":{"allow":["GET"]}}],"collection":[{"href":"https:\/\/stmichel.re\/index.php?rest_route=\/wp\/v2\/pages"}],"about":[{"href":"https:\/\/stmichel.re\/index.php?rest_route=\/wp\/v2\/types\/page"}],"author":[{"embeddable":true,"href":"https:\/\/stmichel.re\/index.php?rest_route=\/wp\/v2\/users\/197"}],"replies":[{"embeddable":true,"href":"https:\/\/stmichel.re\/index.php?rest_route=%2Fwp%2Fv2%2Fcomments&post=13172"}],"version-history":[{"count":0,"href":"https:\/\/stmichel.re\/index.php?rest_route=\/wp\/v2\/pages\/13172\/revisions"}],"wp:attachment":[{"href":"https:\/\/stmichel.re\/index.php?rest_route=%2Fwp%2Fv2%2Fmedia&parent=13172"}],"curies":[{"name":"wp","href":"https:\/\/api.w.org\/{rel}","templated":true}]}}