{"id":57,"date":"2012-04-04T07:16:01","date_gmt":"2012-04-04T03:16:01","guid":{"rendered":"http:\/\/stmichel.re\/wp_stm\/?page_id=57"},"modified":"2019-07-27T19:26:44","modified_gmt":"2019-07-27T15:26:44","slug":"situation-geographique","status":"publish","type":"page","link":"http:\/\/stmichel.re\/?page_id=57","title":{"rendered":"Situation g\u00e9ographique"},"content":{"rendered":"<p style=\"text-align: justify;\"><a href=\"http:\/\/stmichel.re\/wp_stm\/wp-content\/uploads\/2012\/04\/reunionsat.jpg\"><img loading=\"lazy\" decoding=\"async\" class=\"size-medium wp-image-1432 alignleft\" title=\"reunionsat\" src=\"http:\/\/stmichel.re\/wp_stm\/wp-content\/uploads\/2012\/04\/reunionsat-300x261.jpg\" alt=\"\" width=\"300\" height=\"261\" srcset=\"http:\/\/stmichel.re\/wp_stm\/wp-content\/uploads\/2012\/04\/reunionsat-300x261.jpg 300w, http:\/\/stmichel.re\/wp_stm\/wp-content\/uploads\/2012\/04\/reunionsat-344x300.jpg 344w, http:\/\/stmichel.re\/wp_stm\/wp-content\/uploads\/2012\/04\/reunionsat.jpg 712w\" sizes=\"auto, (max-width: 300px) 100vw, 300px\" \/><\/a>Situ\u00e9e dans l\u2019oc\u00e9an Indien, l\u2019\u00eele de la R\u00e9union se positionne par 21\u00b0 Sud et 52,3\u00b0 Est \u00e0 9200 km de Paris, 880 Km de Madagascar et 200 km de l&rsquo;\u00eele Maurice.<\/p>\n<p style=\"text-align: justify;\">L\u2019\u00eele intense, au climat tropical, constitue avec les \u00eeles Maurice et Rodrigues, l\u2019archipel des Mascareignes.&nbsp;Ses deux massifs volcaniques sont le Piton de la Fournaise et le Piton des Neiges.<br \/>\nLe Piton des Neiges couvre les deux tiers de l\u2019\u00eele et culmine \u00e0 3070 m en formant des cirques (Salazie, Mafate et Cilaos), des crevasses et des failles d\u2019une exceptionnelle beaut\u00e9. Le plus jeune, le Piton de la Fournaise 2631 m, est le seul volcan encore en activit\u00e9.&nbsp;Sa for\u00eat tropicale, ses massifs volcaniques, ses plantations de cannes en font une \u00eele haute en couleurs (regardez la magnifique vid\u00e9o de l&rsquo;IRT&#8230;).<\/p>\n<div id=\"wpfp_31cd26e6d0ebf1b1598aea0ccba31a29\" data-item=\"{&quot;sources&quot;:[{&quot;src&quot;:&quot;http:\\\/\\\/stmichel.re\\\/wp_stm\\\/wp-content\\\/uploads\\\/2019\\\/07\\\/LaReunion.mp4&quot;,&quot;type&quot;:&quot;video\\\/mp4&quot;}],&quot;id&quot;:&quot;2&quot;}\" class=\"flowplayer no-brand is-splash no-svg is-paused skin-slim fp-slim fp-edgy\" data-fv-embed=\"http:\/\/stmichel.re\/?page_id=57&amp;fv_player_embed=fvp-2\" style=\"position:relative; max-width: 640px; max-height: 360px; \" data-ratio=\"0.5625\">\n\t<div class=\"fp-ratio\" style=\"padding-top: 56.25%\"><\/div>\n\t<div class=\"fp-ui\"><noscript>Please enable JavaScript<\/noscript><div class=\"fp-play fp-visible\"><svg class=\"fp-play-sharp-fill\" xmlns=\"http:\/\/www.w3.org\/2000\/svg\" viewBox=\"0 0 100 100\"><defs><style>.fp-color-play{opacity:0.65;}.controlbutton{fill:#fff;}<\/style><\/defs><title>play-sharp-fill<\/title><path class=\"fp-color-play\" d=\"M49.9217-.078a50,50,0,1,0,50,50A50.0564,50.0564,0,0,0,49.9217-.078Z\"\/><polygon class=\"controlbutton\" points=\"73.601 50 37.968 70.573 37.968 29.427 73.601 50\" filter=\"url(#f1)\"\/><\/svg><\/div><div class=\"fp-preload\"><b><\/b><b><\/b><b><\/b><b><\/b><\/div><\/div>\n<div class='fvp-share-bar'><ul class=\"fvp-sharing\">\n    <li><a class=\"sharing-facebook\" href=\"https:\/\/www.facebook.com\/sharer\/sharer.php?u=http%3A%2F%2Fstmichel.re%2F%3Fpage_id%3D57\" target=\"_blank\"><\/a><\/li>\n    <li><a class=\"sharing-twitter\" href=\"https:\/\/twitter.com\/intent\/tweet?text=Coll%C3%A8ge+La+Salle+Saint+Michel+&url=http%3A%2F%2Fstmichel.re%2F%3Fpage_id%3D57\" target=\"_blank\"><\/a><\/li>\n    <li><a class=\"sharing-email\" href=\"mailto:?body=Check%20out%20the%20amazing%20video%20here%3A%20http%3A%2F%2Fstmichel.re%2F%3Fpage_id%3D57\" target=\"_blank\"><\/a><\/li><\/ul><div><a class=\"sharing-link\" href=\"http:\/\/stmichel.re\/?page_id=57\" target=\"_blank\">Link<\/a><\/div><div><label><a class=\"embed-code-toggle\" href=\"#\"><strong>Embed<\/strong><\/a><\/label><\/div><div class=\"embed-code\"><label>Copy and paste this HTML code into your webpage to embed.<\/label><textarea><\/textarea><\/div><\/div>\n<\/div>\n\n<p style=\"text-align: justify;\">Les visiteurs ne s\u2019y trompent pas : l\u2019\u00eele poss\u00e8de de nombreux atouts, comme la multiplicit\u00e9 ethnique de sa population (son Histoire est un brassage permanent de peuples), sa faune et sa flore (cocotiers, vanilliers, manguiers mais \u00e9galement des plantes \u00e0 parfum comme le v\u00e9tiver ou le g\u00e9ranium) ou sa situation de pivot au sud ouest de L\u2019Oc\u00e9an Indien.<br \/>\nAujourd\u2019hui, l\u2019\u00eele est peupl\u00e9e d\u2019environ 800.000 habitants.<br \/>\nFran\u00e7aise depuis 1638, la R\u00e9union est devenue d\u00e9partement Fran\u00e7ais en 1946.<\/p>\n<p style=\"text-align: justify;\">St Denis est le chef-lieu de la R\u00e9union, peupl\u00e9 d\u2019environ&nbsp;145.000 habitants. C\u2019est la plus grande ville fran\u00e7aise outre mer.<br \/>\nOn trouve \u00e0 St Denis l\u2019a\u00e9roport Roland Garros.<br \/>\nA la pointe Nord de l\u2019\u00eele, appuy\u00e9e aux montagnes, celle qu\u2019on continue \u00e0 appeler la capitale bien qu\u2019elle soit devenue chef-lieu constitue une agr\u00e9able et incontournable introduction aux multiples et savoureuses couleurs de la R\u00e9union.<br \/>\nLes commerces qui jalonnent les rues du centre-ville offrent un aper\u00e7u du cocktail de races et de cultures propres \u00e0 la R\u00e9union.<br \/>\nLe chef-lieu est une mer de verdure. Peu de villes fran\u00e7aises peuvent s\u2019enorgueillir d\u2019autant d\u2019arbres.<a href=\"http:\/\/stmichel.re\/wp_stm\/wp-content\/uploads\/2012\/04\/carte_de_la_reunion.jpg\"><img loading=\"lazy\" decoding=\"async\" class=\"aligncenter size-medium wp-image-1433\" title=\"carte_de_la_reunion\" src=\"http:\/\/stmichel.re\/wp_stm\/wp-content\/uploads\/2012\/04\/carte_de_la_reunion-294x300.jpg\" alt=\"\" width=\"294\" height=\"300\" srcset=\"http:\/\/stmichel.re\/wp_stm\/wp-content\/uploads\/2012\/04\/carte_de_la_reunion-294x300.jpg 294w, http:\/\/stmichel.re\/wp_stm\/wp-content\/uploads\/2012\/04\/carte_de_la_reunion-1005x1024.jpg 1005w, http:\/\/stmichel.re\/wp_stm\/wp-content\/uploads\/2012\/04\/carte_de_la_reunion.jpg 1473w\" sizes=\"auto, (max-width: 294px) 100vw, 294px\" \/><\/a><\/p>\n","protected":false},"excerpt":{"rendered":"<p>Situ\u00e9e dans l\u2019oc\u00e9an Indien, l\u2019\u00eele de la R\u00e9union se positionne par 21\u00b0 Sud et 52,3\u00b0 Est \u00e0 9200 km de Paris, 880 Km de Madagascar et 200 km de l&rsquo;\u00eele Maurice. L\u2019\u00eele intense, au climat tropical, constitue avec les \u00eeles Maurice et Rodrigues, l\u2019archipel des Mascareignes.&nbsp;Ses deux massifs volcaniques sont le Piton de la Fournaise &hellip; <\/p>\n<p class=\"link-more\"><a href=\"http:\/\/stmichel.re\/?page_id=57\" class=\"more-link\">Continuer la lecture<span class=\"screen-reader-text\"> de &laquo;&nbsp;Situation g\u00e9ographique&nbsp;&raquo;<\/span><\/a><\/p>\n","protected":false},"author":197,"featured_media":416,"parent":8,"menu_order":20,"comment_status":"closed","ping_status":"closed","template":"","meta":{"ngg_post_thumbnail":0,"footnotes":"","_links_to":"","_links_to_target":""},"class_list":["post-57","page","type-page","status-publish","has-post-thumbnail","hentry"],"_links":{"self":[{"href":"http:\/\/stmichel.re\/index.php?rest_route=\/wp\/v2\/pages\/57","targetHints":{"allow":["GET"]}}],"collection":[{"href":"http:\/\/stmichel.re\/index.php?rest_route=\/wp\/v2\/pages"}],"about":[{"href":"http:\/\/stmichel.re\/index.php?rest_route=\/wp\/v2\/types\/page"}],"author":[{"embeddable":true,"href":"http:\/\/stmichel.re\/index.php?rest_route=\/wp\/v2\/users\/197"}],"replies":[{"embeddable":true,"href":"http:\/\/stmichel.re\/index.php?rest_route=%2Fwp%2Fv2%2Fcomments&post=57"}],"version-history":[{"count":0,"href":"http:\/\/stmichel.re\/index.php?rest_route=\/wp\/v2\/pages\/57\/revisions"}],"up":[{"embeddable":true,"href":"http:\/\/stmichel.re\/index.php?rest_route=\/wp\/v2\/pages\/8"}],"wp:featuredmedia":[{"embeddable":true,"href":"http:\/\/stmichel.re\/index.php?rest_route=\/wp\/v2\/media\/416"}],"wp:attachment":[{"href":"http:\/\/stmichel.re\/index.php?rest_route=%2Fwp%2Fv2%2Fmedia&parent=57"}],"curies":[{"name":"wp","href":"https:\/\/api.w.org\/{rel}","templated":true}]}}