{"id":2121,"date":"2012-09-18T08:34:13","date_gmt":"2012-09-18T04:34:13","guid":{"rendered":"http:\/\/stmichel.re\/?page_id=2121"},"modified":"2019-02-27T10:34:20","modified_gmt":"2019-02-27T06:34:20","slug":"nous-contacter","status":"publish","type":"page","link":"http:\/\/stmichel.re\/?page_id=2121","title":{"rendered":"Nous contacter&#8230;"},"content":{"rendered":"<p><span style=\"color: #000000;\">Coll\u00e8ge La Salle Saint Michel<\/span><\/p>\n<p><span style=\"color: #339966;\">28 B rue Monseigneur de Beaumont<img loading=\"lazy\" decoding=\"async\" class=\"alignright\" title=\"banniere\" src=\"http:\/\/stmichel.re\/wp_stm\/wp-content\/uploads\/2012\/04\/banniere.gif\" alt=\"\" width=\"249\" height=\"160\"><\/span><br \/>\n<span style=\"color: #339966;\"> CS 81028<\/span><\/p>\n<p><span style=\"color: #339966;\">97404 SAINT-DENIS<\/span><\/p>\n<p>t\u00e9l. : 02 62 90 92 92<br \/>\nt\u00e9l\u00e9copie : 02 62 90 92 90<br \/>\nt\u00e9l\u00e9copie gestion : 02 62 90 92 78<\/p>\n<p>Webmaster : <a href=\"mailto:webmestre@stmichel.re\">webmestre@stmichel.re<\/a><\/p>\n<p>Secr\u00e9tariat :&nbsp;<a href=\"mailto:college@stmichel.re\">college@stmichel.re<\/a><\/p>\n<p>Secr\u00e9tariat \u00e9l\u00e8ves : <a href=\"mailto:secretariateleve@stmichel.re\">secretariateleve@stmichel.re<\/a><\/p>\n<p>Gestion :&nbsp;<a href=\"mailto:gestion@stmichel.re\">gestion@stmichel.re<\/a><\/p>\n<p>Restauration :&nbsp;<a href=\"mailto:college-st-michel@d2r.re\">c<\/a><a href=\"mailto:college-st-michel@d2r.re\">ollege-st-michel@d2r.re<\/a><\/p>\n<p>Responsable des niveaux 6-5 :&nbsp;<a href=\"mailto:responsablepedagogique65@stmichel.re\">responsablepedagogique65@stmichel.re<\/a><\/p>\n<p>Responsable des niveaux 4-3 :&nbsp;<a href=\"mailto:responsablepedagogique43@stmichel.re\">responsablepedagogique43@stmichel.re<\/a><\/p>\n<p>Cadre \u00e9ducatif des niveaux 6-5 :&nbsp;<a href=\"mailto:cadreeducatif65@stmichel.re\">cadreeducatif65@stmichel.re<\/a><\/p>\n<p>Cadre \u00e9ducatif des niveaux 4-3 :&nbsp;<a href=\"mailto:cadreeducatif43@stmichel.re\">cadreeducatif43@stmichel.re<\/a><\/p>\n","protected":false},"excerpt":{"rendered":"<p>Coll\u00e8ge La Salle Saint Michel 28 B rue Monseigneur de Beaumont CS 81028 97404 SAINT-DENIS t\u00e9l. : 02 62 90 92 92 t\u00e9l\u00e9copie : 02 62 90 92 90 t\u00e9l\u00e9copie gestion : 02 62 90 92 78 Webmaster : webmestre@stmichel.re Secr\u00e9tariat :&nbsp;college@stmichel.re Secr\u00e9tariat \u00e9l\u00e8ves : secretariateleve@stmichel.re Gestion :&nbsp;gestion@stmichel.re Restauration :&nbsp;college-st-michel@d2r.re Responsable des niveaux 6-5 :&nbsp;responsablepedagogique65@stmichel.re &hellip; <\/p>\n<p class=\"link-more\"><a href=\"http:\/\/stmichel.re\/?page_id=2121\" class=\"more-link\">Continuer la lecture<span class=\"screen-reader-text\"> de &laquo;&nbsp;Nous contacter&#8230;&nbsp;&raquo;<\/span><\/a><\/p>\n","protected":false},"author":197,"featured_media":2368,"parent":0,"menu_order":27,"comment_status":"closed","ping_status":"open","template":"","meta":{"ngg_post_thumbnail":0,"footnotes":"","_links_to":"","_links_to_target":""},"class_list":["post-2121","page","type-page","status-publish","has-post-thumbnail","hentry"],"_links":{"self":[{"href":"http:\/\/stmichel.re\/index.php?rest_route=\/wp\/v2\/pages\/2121","targetHints":{"allow":["GET"]}}],"collection":[{"href":"http:\/\/stmichel.re\/index.php?rest_route=\/wp\/v2\/pages"}],"about":[{"href":"http:\/\/stmichel.re\/index.php?rest_route=\/wp\/v2\/types\/page"}],"author":[{"embeddable":true,"href":"http:\/\/stmichel.re\/index.php?rest_route=\/wp\/v2\/users\/197"}],"replies":[{"embeddable":true,"href":"http:\/\/stmichel.re\/index.php?rest_route=%2Fwp%2Fv2%2Fcomments&post=2121"}],"version-history":[{"count":0,"href":"http:\/\/stmichel.re\/index.php?rest_route=\/wp\/v2\/pages\/2121\/revisions"}],"wp:featuredmedia":[{"embeddable":true,"href":"http:\/\/stmichel.re\/index.php?rest_route=\/wp\/v2\/media\/2368"}],"wp:attachment":[{"href":"http:\/\/stmichel.re\/index.php?rest_route=%2Fwp%2Fv2%2Fmedia&parent=2121"}],"curies":[{"name":"wp","href":"https:\/\/api.w.org\/{rel}","templated":true}]}}