{"id":11626,"date":"2018-02-08T14:08:05","date_gmt":"2018-02-08T10:08:05","guid":{"rendered":"http:\/\/stmichel.re\/?page_id=11626"},"modified":"2018-05-02T09:23:07","modified_gmt":"2018-05-02T05:23:07","slug":"documents-a-remplir-pour-une-pre-inscription","status":"publish","type":"page","link":"http:\/\/stmichel.re\/?page_id=11626","title":{"rendered":"Documents \u00e0 remplir pour une demande d&rsquo;inscription"},"content":{"rendered":"<p>&nbsp;<\/p>\n<ul>\n<li><a href=\"http:\/\/stmichel.re\/wp_stm\/wp-content\/uploads\/2018\/02\/Demande-dinscription-2018.pdf\">Demande d\u2019inscription 2018<\/a><\/li>\n<li><a href=\"http:\/\/stmichel.re\/wp_stm\/wp-content\/uploads\/2018\/02\/Convention-de-scolarisation.pdf\">Convention de scolarisation \u00e0 remettre \u00e0 l\u2019\u00e9tablissement<\/a><\/li>\n<li><a href=\"http:\/\/stmichel.re\/wp_stm\/wp-content\/uploads\/2018\/02\/Convention-de-scolarisation-famille.pdf\">Convention de scolarisation famille<\/a><\/li>\n<li><a href=\"http:\/\/stmichel.re\/wp_stm\/wp-content\/uploads\/2018\/05\/Fiche-mode-de-paiement-2018-2019-inscriptions-6.pdf\">Mode de paiement 2018-2019 &#8211; 6\u00e8me<\/a><\/li>\n<li><a href=\"http:\/\/stmichel.re\/wp_stm\/wp-content\/uploads\/2018\/05\/Fiche-mode-de-paiement-2018-2019-inscriptions-5-4-3.pdf\">Mode de paiement 2018-2019 &#8211; 5, 4, 3\u00e8me<\/a><\/li>\n<li><a href=\"http:\/\/stmichel.re\/wp_stm\/wp-content\/uploads\/2018\/02\/Fiche-medicale-2018.pdf\">Fiche m\u00e9dicale 2018<\/a><\/li>\n<\/ul>\n<p>&nbsp;<\/p>\n","protected":false},"excerpt":{"rendered":"<p>&nbsp; Demande d\u2019inscription 2018 Convention de scolarisation \u00e0 remettre \u00e0 l\u2019\u00e9tablissement Convention de scolarisation famille Mode de paiement 2018-2019 &#8211; 6\u00e8me Mode de paiement 2018-2019 &#8211; 5, 4, 3\u00e8me Fiche m\u00e9dicale 2018 &nbsp;<\/p>\n","protected":false},"author":197,"featured_media":0,"parent":0,"menu_order":0,"comment_status":"closed","ping_status":"closed","template":"","meta":{"ngg_post_thumbnail":0,"footnotes":"","_links_to":"","_links_to_target":""},"class_list":["post-11626","page","type-page","status-publish","hentry"],"_links":{"self":[{"href":"http:\/\/stmichel.re\/index.php?rest_route=\/wp\/v2\/pages\/11626","targetHints":{"allow":["GET"]}}],"collection":[{"href":"http:\/\/stmichel.re\/index.php?rest_route=\/wp\/v2\/pages"}],"about":[{"href":"http:\/\/stmichel.re\/index.php?rest_route=\/wp\/v2\/types\/page"}],"author":[{"embeddable":true,"href":"http:\/\/stmichel.re\/index.php?rest_route=\/wp\/v2\/users\/197"}],"replies":[{"embeddable":true,"href":"http:\/\/stmichel.re\/index.php?rest_route=%2Fwp%2Fv2%2Fcomments&post=11626"}],"version-history":[{"count":0,"href":"http:\/\/stmichel.re\/index.php?rest_route=\/wp\/v2\/pages\/11626\/revisions"}],"wp:attachment":[{"href":"http:\/\/stmichel.re\/index.php?rest_route=%2Fwp%2Fv2%2Fmedia&parent=11626"}],"curies":[{"name":"wp","href":"https:\/\/api.w.org\/{rel}","templated":true}]}}